{"id":958,"date":"2023-11-14T02:25:45","date_gmt":"2023-11-14T00:25:45","guid":{"rendered":"https:\/\/snoobik.ee\/?post_type=product&#038;p=958"},"modified":"2026-04-21T14:35:10","modified_gmt":"2026-04-21T11:35:10","slug":"vookott-kohukott-hunt","status":"publish","type":"product","link":"https:\/\/snoobik.ee\/en\/toode\/vookott-kohukott-hunt\/","title":{"rendered":"V\u00f6\u00f6kott\/k\u00f5hukott hunt"},"content":{"rendered":"<p>Vetth\u00fclgav kangas (esipool ja pealmine osa kahekordsed), peal veekindel lukk, v\u00f6\u00f6rihm reguleeritav vahemikus ca 75-115, koti tagumine pool must, 100% pol\u00fcester. Koti k\u00f5rgus 12 cm, lukk avaneb 21 cm. Eestis valmistatud k\u00e4sit\u00f6\u00f6. Kuna sellel kotil sai ainsana kasutatud tagumiseks pooleks teistsugust kangast, mille osas ma ei ole kindel, et kilekiht kanga seespool on sama vastupidav kui teistel kottidel, on hind soodsam.<\/p>\n","protected":false},"excerpt":{"rendered":"<p>Vetth\u00fclgav kangas (esipool ja pealmine osa kahekordsed), peal veekindel lukk, v\u00f6\u00f6rihm reguleeritav vahemikus ca 75-115, koti tagumine pool must, 100% pol\u00fcester. Koti k\u00f5rgus 12 cm, lukk avaneb 21 cm. Eestis valmistatud k\u00e4sit\u00f6\u00f6. Kuna sellel kotil sai ainsana kasutatud tagumiseks pooleks teistsugust kangast, mille osas ma ei ole kindel, et kilekiht kanga seespool on sama vastupidav [&hellip;]<\/p>\n","protected":false},"featured_media":2655,"template":"","meta":{"_acf_changed":false,"inline_featured_image":false,"site-sidebar-layout":"default","site-content-layout":"","ast-site-content-layout":"default","site-content-style":"default","site-sidebar-style":"default","ast-global-header-display":"","ast-banner-title-visibility":"","ast-main-header-display":"","ast-hfb-above-header-display":"","ast-hfb-below-header-display":"","ast-hfb-mobile-header-display":"","site-post-title":"","ast-breadcrumbs-content":"","ast-featured-img":"","footer-sml-layout":"","theme-transparent-header-meta":"default","adv-header-id-meta":"","stick-header-meta":"","header-above-stick-meta":"","header-main-stick-meta":"","header-below-stick-meta":"","astra-migrate-meta-layouts":"set","ast-page-background-enabled":"default","ast-page-background-meta":{"desktop":{"background-color":"var(--ast-global-color-4)","background-image":"","background-repeat":"repeat","background-position":"center center","background-size":"auto","background-attachment":"scroll","background-type":"","background-media":"","overlay-type":"","overlay-color":"","overlay-opacity":"","overlay-gradient":""},"tablet":{"background-color":"","background-image":"","background-repeat":"repeat","background-position":"center center","background-size":"auto","background-attachment":"scroll","background-type":"","background-media":"","overlay-type":"","overlay-color":"","overlay-opacity":"","overlay-gradient":""},"mobile":{"background-color":"","background-image":"","background-repeat":"repeat","background-position":"center center","background-size":"auto","background-attachment":"scroll","background-type":"","background-media":"","overlay-type":"","overlay-color":"","overlay-opacity":"","overlay-gradient":""}},"ast-content-background-meta":{"desktop":{"background-color":"var(--ast-global-color-5)","background-image":"","background-repeat":"repeat","background-position":"center center","background-size":"auto","background-attachment":"scroll","background-type":"","background-media":"","overlay-type":"","overlay-color":"","overlay-opacity":"","overlay-gradient":""},"tablet":{"background-color":"var(--ast-global-color-5)","background-image":"","background-repeat":"repeat","background-position":"center center","background-size":"auto","background-attachment":"scroll","background-type":"","background-media":"","overlay-type":"","overlay-color":"","overlay-opacity":"","overlay-gradient":""},"mobile":{"background-color":"var(--ast-global-color-5)","background-image":"","background-repeat":"repeat","background-position":"center center","background-size":"auto","background-attachment":"scroll","background-type":"","background-media":"","overlay-type":"","overlay-color":"","overlay-opacity":"","overlay-gradient":""}}},"product_brand":[],"product_cat":[206,32],"product_tag":[94,166,165],"class_list":{"0":"post-958","1":"product","2":"type-product","3":"status-publish","4":"has-post-thumbnail","6":"product_cat-allahindlus","7":"product_cat-vookotid","8":"product_tag-hunt","9":"product_tag-kohukott","10":"product_tag-vookott","11":"product_shipping_class-xs-pakiautomaat","12":"desktop-align-left","13":"tablet-align-left","14":"mobile-align-left","15":"ast-product-gallery-layout-first-image-large","16":"ast-product-gallery-with-no-image","17":"ast-product-tabs-layout-accordion","19":"first","20":"instock","21":"sale","22":"sold-individually","23":"purchasable","24":"product-type-simple"},"acf":[],"yoast_head":"<!-- This site is optimized with the Yoast SEO plugin v25.4 - https:\/\/yoast.com\/wordpress\/plugins\/seo\/ -->\n<title>V\u00f6\u00f6kott\/k\u00f5hukott hunt - Snoobik<\/title>\n<meta name=\"description\" content=\"Vetth\u00fclgav kangas (esipool ja pealmine osa kahekordsed), peal veekindel lukk, v\u00f6\u00f6rihm reguleeritav vahemikus ca 75-115, koti tagumine pool must, 100% pol\u00fcester. Koti k\u00f5rgus 12 cm, lukk avaneb 21 cm. Eestis valmistatud k\u00e4sit\u00f6\u00f6.\" \/>\n<meta name=\"robots\" content=\"index, follow, max-snippet:-1, max-image-preview:large, max-video-preview:-1\" \/>\n<link rel=\"canonical\" href=\"https:\/\/snoobik.ee\/en\/toode\/vookott-kohukott-hunt\/\" \/>\n<meta property=\"og:locale\" content=\"en_US\" \/>\n<meta property=\"og:type\" content=\"article\" \/>\n<meta property=\"og:title\" content=\"V\u00f6\u00f6kott\/k\u00f5hukott hunt - Snoobik\" \/>\n<meta property=\"og:description\" content=\"Vetth\u00fclgav kangas (esipool ja pealmine osa kahekordsed), peal veekindel lukk, v\u00f6\u00f6rihm reguleeritav vahemikus ca 75-115, koti tagumine pool must, 100% pol\u00fcester. Koti k\u00f5rgus 12 cm, lukk avaneb 21 cm. Eestis valmistatud k\u00e4sit\u00f6\u00f6.\" \/>\n<meta property=\"og:url\" content=\"https:\/\/snoobik.ee\/en\/toode\/vookott-kohukott-hunt\/\" \/>\n<meta property=\"og:site_name\" content=\"Snoobik\" \/>\n<meta property=\"article:publisher\" content=\"https:\/\/www.facebook.com\/snoobik\" \/>\n<meta property=\"article:modified_time\" content=\"2026-04-21T11:35:10+00:00\" \/>\n<meta property=\"og:image\" content=\"https:\/\/snoobik.ee\/wp-content\/uploads\/2023\/11\/IMG_3138-1-scaled.jpg\" \/>\n\t<meta property=\"og:image:width\" content=\"2560\" \/>\n\t<meta property=\"og:image:height\" content=\"1731\" \/>\n\t<meta property=\"og:image:type\" content=\"image\/jpeg\" \/>\n<meta name=\"twitter:card\" content=\"summary_large_image\" \/>\n<meta name=\"twitter:label1\" content=\"Est. reading time\" \/>\n\t<meta name=\"twitter:data1\" content=\"1 minute\" \/>\n<script type=\"application\/ld+json\" class=\"yoast-schema-graph\">{\"@context\":\"https:\/\/schema.org\",\"@graph\":[{\"@type\":\"WebPage\",\"@id\":\"https:\/\/snoobik.ee\/en\/toode\/vookott-kohukott-hunt\/\",\"url\":\"https:\/\/snoobik.ee\/en\/toode\/vookott-kohukott-hunt\/\",\"name\":\"V\u00f6\u00f6kott\/k\u00f5hukott hunt - Snoobik\",\"isPartOf\":{\"@id\":\"https:\/\/snoobik.ee\/en\/#website\"},\"primaryImageOfPage\":{\"@id\":\"https:\/\/snoobik.ee\/en\/toode\/vookott-kohukott-hunt\/#primaryimage\"},\"image\":{\"@id\":\"https:\/\/snoobik.ee\/en\/toode\/vookott-kohukott-hunt\/#primaryimage\"},\"thumbnailUrl\":\"https:\/\/snoobik.ee\/wp-content\/uploads\/2023\/11\/IMG_3138-1-scaled.jpg\",\"datePublished\":\"2023-11-14T00:25:45+00:00\",\"dateModified\":\"2026-04-21T11:35:10+00:00\",\"description\":\"Vetth\u00fclgav kangas (esipool ja pealmine osa kahekordsed), peal veekindel lukk, v\u00f6\u00f6rihm reguleeritav vahemikus ca 75-115, koti tagumine pool must, 100% pol\u00fcester. Koti k\u00f5rgus 12 cm, lukk avaneb 21 cm. Eestis valmistatud k\u00e4sit\u00f6\u00f6.\",\"breadcrumb\":{\"@id\":\"https:\/\/snoobik.ee\/en\/toode\/vookott-kohukott-hunt\/#breadcrumb\"},\"inLanguage\":\"en-US\",\"potentialAction\":[{\"@type\":\"ReadAction\",\"target\":[\"https:\/\/snoobik.ee\/en\/toode\/vookott-kohukott-hunt\/\"]}]},{\"@type\":\"ImageObject\",\"inLanguage\":\"en-US\",\"@id\":\"https:\/\/snoobik.ee\/en\/toode\/vookott-kohukott-hunt\/#primaryimage\",\"url\":\"https:\/\/snoobik.ee\/wp-content\/uploads\/2023\/11\/IMG_3138-1-scaled.jpg\",\"contentUrl\":\"https:\/\/snoobik.ee\/wp-content\/uploads\/2023\/11\/IMG_3138-1-scaled.jpg\",\"width\":2560,\"height\":1731},{\"@type\":\"BreadcrumbList\",\"@id\":\"https:\/\/snoobik.ee\/en\/toode\/vookott-kohukott-hunt\/#breadcrumb\",\"itemListElement\":[{\"@type\":\"ListItem\",\"position\":1,\"name\":\"Home\",\"item\":\"https:\/\/snoobik.ee\/en\/\"},{\"@type\":\"ListItem\",\"position\":2,\"name\":\"Shop\",\"item\":\"https:\/\/snoobik.ee\/e-pood\/\"},{\"@type\":\"ListItem\",\"position\":3,\"name\":\"V\u00f6\u00f6kott\/k\u00f5hukott hunt\"}]},{\"@type\":\"WebSite\",\"@id\":\"https:\/\/snoobik.ee\/en\/#website\",\"url\":\"https:\/\/snoobik.ee\/en\/\",\"name\":\"Snoobik\",\"description\":\"Eestis valmistatud lemmikloomatarbed\",\"publisher\":{\"@id\":\"https:\/\/snoobik.ee\/en\/#organization\"},\"potentialAction\":[{\"@type\":\"SearchAction\",\"target\":{\"@type\":\"EntryPoint\",\"urlTemplate\":\"https:\/\/snoobik.ee\/en\/?s={search_term_string}\"},\"query-input\":{\"@type\":\"PropertyValueSpecification\",\"valueRequired\":true,\"valueName\":\"search_term_string\"}}],\"inLanguage\":\"en-US\"},{\"@type\":\"Organization\",\"@id\":\"https:\/\/snoobik.ee\/en\/#organization\",\"name\":\"Snoobik\",\"url\":\"https:\/\/snoobik.ee\/en\/\",\"logo\":{\"@type\":\"ImageObject\",\"inLanguage\":\"en-US\",\"@id\":\"https:\/\/snoobik.ee\/en\/#\/schema\/logo\/image\/\",\"url\":\"https:\/\/snoobik.ee\/wp-content\/uploads\/2023\/11\/snoobik.svg\",\"contentUrl\":\"https:\/\/snoobik.ee\/wp-content\/uploads\/2023\/11\/snoobik.svg\",\"width\":110,\"height\":45,\"caption\":\"Snoobik\"},\"image\":{\"@id\":\"https:\/\/snoobik.ee\/en\/#\/schema\/logo\/image\/\"},\"sameAs\":[\"https:\/\/www.facebook.com\/snoobik\",\"https:\/\/www.instagram.com\/snoobikcollar\/\"]}]}<\/script>\n<!-- \/ Yoast SEO plugin. -->","yoast_head_json":{"title":"V\u00f6\u00f6kott\/k\u00f5hukott hunt - Snoobik","description":"Vetth\u00fclgav kangas (esipool ja pealmine osa kahekordsed), peal veekindel lukk, v\u00f6\u00f6rihm reguleeritav vahemikus ca 75-115, koti tagumine pool must, 100% pol\u00fcester. Koti k\u00f5rgus 12 cm, lukk avaneb 21 cm. Eestis valmistatud k\u00e4sit\u00f6\u00f6.","robots":{"index":"index","follow":"follow","max-snippet":"max-snippet:-1","max-image-preview":"max-image-preview:large","max-video-preview":"max-video-preview:-1"},"canonical":"https:\/\/snoobik.ee\/en\/toode\/vookott-kohukott-hunt\/","og_locale":"en_US","og_type":"article","og_title":"V\u00f6\u00f6kott\/k\u00f5hukott hunt - Snoobik","og_description":"Vetth\u00fclgav kangas (esipool ja pealmine osa kahekordsed), peal veekindel lukk, v\u00f6\u00f6rihm reguleeritav vahemikus ca 75-115, koti tagumine pool must, 100% pol\u00fcester. Koti k\u00f5rgus 12 cm, lukk avaneb 21 cm. Eestis valmistatud k\u00e4sit\u00f6\u00f6.","og_url":"https:\/\/snoobik.ee\/en\/toode\/vookott-kohukott-hunt\/","og_site_name":"Snoobik","article_publisher":"https:\/\/www.facebook.com\/snoobik","article_modified_time":"2026-04-21T11:35:10+00:00","og_image":[{"width":2560,"height":1731,"url":"https:\/\/snoobik.ee\/wp-content\/uploads\/2023\/11\/IMG_3138-1-scaled.jpg","type":"image\/jpeg"}],"twitter_card":"summary_large_image","twitter_misc":{"Est. reading time":"1 minute"},"schema":{"@context":"https:\/\/schema.org","@graph":[{"@type":"WebPage","@id":"https:\/\/snoobik.ee\/en\/toode\/vookott-kohukott-hunt\/","url":"https:\/\/snoobik.ee\/en\/toode\/vookott-kohukott-hunt\/","name":"V\u00f6\u00f6kott\/k\u00f5hukott hunt - Snoobik","isPartOf":{"@id":"https:\/\/snoobik.ee\/en\/#website"},"primaryImageOfPage":{"@id":"https:\/\/snoobik.ee\/en\/toode\/vookott-kohukott-hunt\/#primaryimage"},"image":{"@id":"https:\/\/snoobik.ee\/en\/toode\/vookott-kohukott-hunt\/#primaryimage"},"thumbnailUrl":"https:\/\/snoobik.ee\/wp-content\/uploads\/2023\/11\/IMG_3138-1-scaled.jpg","datePublished":"2023-11-14T00:25:45+00:00","dateModified":"2026-04-21T11:35:10+00:00","description":"Vetth\u00fclgav kangas (esipool ja pealmine osa kahekordsed), peal veekindel lukk, v\u00f6\u00f6rihm reguleeritav vahemikus ca 75-115, koti tagumine pool must, 100% pol\u00fcester. Koti k\u00f5rgus 12 cm, lukk avaneb 21 cm. Eestis valmistatud k\u00e4sit\u00f6\u00f6.","breadcrumb":{"@id":"https:\/\/snoobik.ee\/en\/toode\/vookott-kohukott-hunt\/#breadcrumb"},"inLanguage":"en-US","potentialAction":[{"@type":"ReadAction","target":["https:\/\/snoobik.ee\/en\/toode\/vookott-kohukott-hunt\/"]}]},{"@type":"ImageObject","inLanguage":"en-US","@id":"https:\/\/snoobik.ee\/en\/toode\/vookott-kohukott-hunt\/#primaryimage","url":"https:\/\/snoobik.ee\/wp-content\/uploads\/2023\/11\/IMG_3138-1-scaled.jpg","contentUrl":"https:\/\/snoobik.ee\/wp-content\/uploads\/2023\/11\/IMG_3138-1-scaled.jpg","width":2560,"height":1731},{"@type":"BreadcrumbList","@id":"https:\/\/snoobik.ee\/en\/toode\/vookott-kohukott-hunt\/#breadcrumb","itemListElement":[{"@type":"ListItem","position":1,"name":"Home","item":"https:\/\/snoobik.ee\/en\/"},{"@type":"ListItem","position":2,"name":"Shop","item":"https:\/\/snoobik.ee\/e-pood\/"},{"@type":"ListItem","position":3,"name":"V\u00f6\u00f6kott\/k\u00f5hukott hunt"}]},{"@type":"WebSite","@id":"https:\/\/snoobik.ee\/en\/#website","url":"https:\/\/snoobik.ee\/en\/","name":"Snoobik","description":"Eestis valmistatud lemmikloomatarbed","publisher":{"@id":"https:\/\/snoobik.ee\/en\/#organization"},"potentialAction":[{"@type":"SearchAction","target":{"@type":"EntryPoint","urlTemplate":"https:\/\/snoobik.ee\/en\/?s={search_term_string}"},"query-input":{"@type":"PropertyValueSpecification","valueRequired":true,"valueName":"search_term_string"}}],"inLanguage":"en-US"},{"@type":"Organization","@id":"https:\/\/snoobik.ee\/en\/#organization","name":"Snoobik","url":"https:\/\/snoobik.ee\/en\/","logo":{"@type":"ImageObject","inLanguage":"en-US","@id":"https:\/\/snoobik.ee\/en\/#\/schema\/logo\/image\/","url":"https:\/\/snoobik.ee\/wp-content\/uploads\/2023\/11\/snoobik.svg","contentUrl":"https:\/\/snoobik.ee\/wp-content\/uploads\/2023\/11\/snoobik.svg","width":110,"height":45,"caption":"Snoobik"},"image":{"@id":"https:\/\/snoobik.ee\/en\/#\/schema\/logo\/image\/"},"sameAs":["https:\/\/www.facebook.com\/snoobik","https:\/\/www.instagram.com\/snoobikcollar\/"]}]}},"_links":{"self":[{"href":"https:\/\/snoobik.ee\/en\/wp-json\/wp\/v2\/product\/958","targetHints":{"allow":["GET"]}}],"collection":[{"href":"https:\/\/snoobik.ee\/en\/wp-json\/wp\/v2\/product"}],"about":[{"href":"https:\/\/snoobik.ee\/en\/wp-json\/wp\/v2\/types\/product"}],"version-history":[{"count":4,"href":"https:\/\/snoobik.ee\/en\/wp-json\/wp\/v2\/product\/958\/revisions"}],"predecessor-version":[{"id":2658,"href":"https:\/\/snoobik.ee\/en\/wp-json\/wp\/v2\/product\/958\/revisions\/2658"}],"wp:featuredmedia":[{"embeddable":true,"href":"https:\/\/snoobik.ee\/en\/wp-json\/wp\/v2\/media\/2655"}],"wp:attachment":[{"href":"https:\/\/snoobik.ee\/en\/wp-json\/wp\/v2\/media?parent=958"}],"wp:term":[{"taxonomy":"product_brand","embeddable":true,"href":"https:\/\/snoobik.ee\/en\/wp-json\/wp\/v2\/product_brand?post=958"},{"taxonomy":"product_cat","embeddable":true,"href":"https:\/\/snoobik.ee\/en\/wp-json\/wp\/v2\/product_cat?post=958"},{"taxonomy":"product_tag","embeddable":true,"href":"https:\/\/snoobik.ee\/en\/wp-json\/wp\/v2\/product_tag?post=958"}],"curies":[{"name":"wp","href":"https:\/\/api.w.org\/{rel}","templated":true}]}}