{"id":939,"date":"2023-11-14T01:49:16","date_gmt":"2023-11-13T23:49:16","guid":{"rendered":"https:\/\/snoobik.ee\/?post_type=product&#038;p=939"},"modified":"2025-07-31T21:04:47","modified_gmt":"2025-07-31T18:04:47","slug":"poekott-jaalind","status":"publish","type":"product","link":"https:\/\/snoobik.ee\/en\/toode\/poekott-jaalind\/","title":{"rendered":"Poekott j\u00e4\u00e4lind"},"content":{"rendered":"<p>42\u00d747 cm, vetth\u00fclgav kangas, 100% pol\u00fcester, tagumine k\u00fclg musta v\u00e4rvi, sanga \u00fcldpikkus 58 cm, Eestis valmistatud k\u00e4sit\u00f6\u00f6.<\/p>\n","protected":false},"excerpt":{"rendered":"<p>42\u00d747 cm, vetth\u00fclgav kangas, 100% pol\u00fcester, tagumine k\u00fclg musta v\u00e4rvi, sanga \u00fcldpikkus 58 cm, Eestis valmistatud k\u00e4sit\u00f6\u00f6.<\/p>\n","protected":false},"featured_media":940,"template":"","meta":{"_acf_changed":false,"inline_featured_image":false,"site-sidebar-layout":"default","site-content-layout":"","ast-site-content-layout":"default","site-content-style":"default","site-sidebar-style":"default","ast-global-header-display":"","ast-banner-title-visibility":"","ast-main-header-display":"","ast-hfb-above-header-display":"","ast-hfb-below-header-display":"","ast-hfb-mobile-header-display":"","site-post-title":"","ast-breadcrumbs-content":"","ast-featured-img":"","footer-sml-layout":"","theme-transparent-header-meta":"default","adv-header-id-meta":"","stick-header-meta":"","header-above-stick-meta":"","header-main-stick-meta":"","header-below-stick-meta":"","astra-migrate-meta-layouts":"set","ast-page-background-enabled":"default","ast-page-background-meta":{"desktop":{"background-color":"var(--ast-global-color-4)","background-image":"","background-repeat":"repeat","background-position":"center center","background-size":"auto","background-attachment":"scroll","background-type":"","background-media":"","overlay-type":"","overlay-color":"","overlay-opacity":"","overlay-gradient":""},"tablet":{"background-color":"","background-image":"","background-repeat":"repeat","background-position":"center center","background-size":"auto","background-attachment":"scroll","background-type":"","background-media":"","overlay-type":"","overlay-color":"","overlay-opacity":"","overlay-gradient":""},"mobile":{"background-color":"","background-image":"","background-repeat":"repeat","background-position":"center center","background-size":"auto","background-attachment":"scroll","background-type":"","background-media":"","overlay-type":"","overlay-color":"","overlay-opacity":"","overlay-gradient":""}},"ast-content-background-meta":{"desktop":{"background-color":"var(--ast-global-color-5)","background-image":"","background-repeat":"repeat","background-position":"center center","background-size":"auto","background-attachment":"scroll","background-type":"","background-media":"","overlay-type":"","overlay-color":"","overlay-opacity":"","overlay-gradient":""},"tablet":{"background-color":"var(--ast-global-color-5)","background-image":"","background-repeat":"repeat","background-position":"center center","background-size":"auto","background-attachment":"scroll","background-type":"","background-media":"","overlay-type":"","overlay-color":"","overlay-opacity":"","overlay-gradient":""},"mobile":{"background-color":"var(--ast-global-color-5)","background-image":"","background-repeat":"repeat","background-position":"center center","background-size":"auto","background-attachment":"scroll","background-type":"","background-media":"","overlay-type":"","overlay-color":"","overlay-opacity":"","overlay-gradient":""}}},"product_brand":[],"product_cat":[35],"product_tag":[],"class_list":{"0":"post-939","1":"product","2":"type-product","3":"status-publish","4":"has-post-thumbnail","6":"product_cat-poekotid","7":"product_shipping_class-xs-pakiautomaat","8":"desktop-align-left","9":"tablet-align-left","10":"mobile-align-left","11":"ast-product-gallery-layout-first-image-large","12":"ast-product-gallery-with-no-image","13":"ast-product-tabs-layout-accordion","15":"first","16":"instock","17":"sold-individually","18":"purchasable","19":"product-type-simple"},"acf":[],"yoast_head":"<!-- This site is optimized with the Yoast SEO plugin v25.4 - https:\/\/yoast.com\/wordpress\/plugins\/seo\/ -->\n<title>Poekott j\u00e4\u00e4lind - Snoobik<\/title>\n<meta name=\"robots\" content=\"index, follow, max-snippet:-1, max-image-preview:large, max-video-preview:-1\" \/>\n<link rel=\"canonical\" href=\"https:\/\/snoobik.ee\/en\/toode\/poekott-jaalind\/\" \/>\n<meta property=\"og:locale\" content=\"en_US\" \/>\n<meta property=\"og:type\" content=\"article\" \/>\n<meta property=\"og:title\" content=\"Poekott j\u00e4\u00e4lind - Snoobik\" \/>\n<meta property=\"og:description\" content=\"42\u00d747 cm, vetth\u00fclgav kangas, 100% pol\u00fcester, tagumine k\u00fclg musta v\u00e4rvi, sanga \u00fcldpikkus 58 cm, Eestis valmistatud k\u00e4sit\u00f6\u00f6.\" \/>\n<meta property=\"og:url\" content=\"https:\/\/snoobik.ee\/en\/toode\/poekott-jaalind\/\" \/>\n<meta property=\"og:site_name\" content=\"Snoobik\" \/>\n<meta property=\"article:publisher\" content=\"https:\/\/www.facebook.com\/snoobik\" \/>\n<meta property=\"article:modified_time\" content=\"2025-07-31T18:04:47+00:00\" \/>\n<meta property=\"og:image\" content=\"https:\/\/snoobik.ee\/wp-content\/uploads\/2023\/11\/IMG_2839-1-scaled-e1699919793316.jpg\" \/>\n\t<meta property=\"og:image:width\" content=\"1500\" \/>\n\t<meta property=\"og:image:height\" content=\"2250\" \/>\n\t<meta property=\"og:image:type\" content=\"image\/jpeg\" \/>\n<meta name=\"twitter:card\" content=\"summary_large_image\" \/>\n<meta name=\"twitter:label1\" content=\"Est. reading time\" \/>\n\t<meta name=\"twitter:data1\" content=\"1 minute\" \/>\n<script type=\"application\/ld+json\" class=\"yoast-schema-graph\">{\"@context\":\"https:\/\/schema.org\",\"@graph\":[{\"@type\":\"WebPage\",\"@id\":\"https:\/\/snoobik.ee\/en\/toode\/poekott-jaalind\/\",\"url\":\"https:\/\/snoobik.ee\/en\/toode\/poekott-jaalind\/\",\"name\":\"Poekott j\u00e4\u00e4lind - Snoobik\",\"isPartOf\":{\"@id\":\"https:\/\/snoobik.ee\/en\/#website\"},\"primaryImageOfPage\":{\"@id\":\"https:\/\/snoobik.ee\/en\/toode\/poekott-jaalind\/#primaryimage\"},\"image\":{\"@id\":\"https:\/\/snoobik.ee\/en\/toode\/poekott-jaalind\/#primaryimage\"},\"thumbnailUrl\":\"https:\/\/snoobik.ee\/wp-content\/uploads\/2023\/11\/IMG_2839-1-scaled-e1699919793316.jpg\",\"datePublished\":\"2023-11-13T23:49:16+00:00\",\"dateModified\":\"2025-07-31T18:04:47+00:00\",\"breadcrumb\":{\"@id\":\"https:\/\/snoobik.ee\/en\/toode\/poekott-jaalind\/#breadcrumb\"},\"inLanguage\":\"en-US\",\"potentialAction\":[{\"@type\":\"ReadAction\",\"target\":[\"https:\/\/snoobik.ee\/en\/toode\/poekott-jaalind\/\"]}]},{\"@type\":\"ImageObject\",\"inLanguage\":\"en-US\",\"@id\":\"https:\/\/snoobik.ee\/en\/toode\/poekott-jaalind\/#primaryimage\",\"url\":\"https:\/\/snoobik.ee\/wp-content\/uploads\/2023\/11\/IMG_2839-1-scaled-e1699919793316.jpg\",\"contentUrl\":\"https:\/\/snoobik.ee\/wp-content\/uploads\/2023\/11\/IMG_2839-1-scaled-e1699919793316.jpg\",\"width\":1500,\"height\":2250,\"caption\":\"poekott\"},{\"@type\":\"BreadcrumbList\",\"@id\":\"https:\/\/snoobik.ee\/en\/toode\/poekott-jaalind\/#breadcrumb\",\"itemListElement\":[{\"@type\":\"ListItem\",\"position\":1,\"name\":\"Home\",\"item\":\"https:\/\/snoobik.ee\/en\/\"},{\"@type\":\"ListItem\",\"position\":2,\"name\":\"Shop\",\"item\":\"https:\/\/snoobik.ee\/e-pood\/\"},{\"@type\":\"ListItem\",\"position\":3,\"name\":\"Poekott j\u00e4\u00e4lind\"}]},{\"@type\":\"WebSite\",\"@id\":\"https:\/\/snoobik.ee\/en\/#website\",\"url\":\"https:\/\/snoobik.ee\/en\/\",\"name\":\"Snoobik\",\"description\":\"Eestis valmistatud lemmikloomatarbed\",\"publisher\":{\"@id\":\"https:\/\/snoobik.ee\/en\/#organization\"},\"potentialAction\":[{\"@type\":\"SearchAction\",\"target\":{\"@type\":\"EntryPoint\",\"urlTemplate\":\"https:\/\/snoobik.ee\/en\/?s={search_term_string}\"},\"query-input\":{\"@type\":\"PropertyValueSpecification\",\"valueRequired\":true,\"valueName\":\"search_term_string\"}}],\"inLanguage\":\"en-US\"},{\"@type\":\"Organization\",\"@id\":\"https:\/\/snoobik.ee\/en\/#organization\",\"name\":\"Snoobik\",\"url\":\"https:\/\/snoobik.ee\/en\/\",\"logo\":{\"@type\":\"ImageObject\",\"inLanguage\":\"en-US\",\"@id\":\"https:\/\/snoobik.ee\/en\/#\/schema\/logo\/image\/\",\"url\":\"https:\/\/snoobik.ee\/wp-content\/uploads\/2023\/11\/snoobik.svg\",\"contentUrl\":\"https:\/\/snoobik.ee\/wp-content\/uploads\/2023\/11\/snoobik.svg\",\"width\":110,\"height\":45,\"caption\":\"Snoobik\"},\"image\":{\"@id\":\"https:\/\/snoobik.ee\/en\/#\/schema\/logo\/image\/\"},\"sameAs\":[\"https:\/\/www.facebook.com\/snoobik\",\"https:\/\/www.instagram.com\/snoobikcollar\/\"]}]}<\/script>\n<!-- \/ Yoast SEO plugin. -->","yoast_head_json":{"title":"Poekott j\u00e4\u00e4lind - Snoobik","robots":{"index":"index","follow":"follow","max-snippet":"max-snippet:-1","max-image-preview":"max-image-preview:large","max-video-preview":"max-video-preview:-1"},"canonical":"https:\/\/snoobik.ee\/en\/toode\/poekott-jaalind\/","og_locale":"en_US","og_type":"article","og_title":"Poekott j\u00e4\u00e4lind - Snoobik","og_description":"42\u00d747 cm, vetth\u00fclgav kangas, 100% pol\u00fcester, tagumine k\u00fclg musta v\u00e4rvi, sanga \u00fcldpikkus 58 cm, Eestis valmistatud k\u00e4sit\u00f6\u00f6.","og_url":"https:\/\/snoobik.ee\/en\/toode\/poekott-jaalind\/","og_site_name":"Snoobik","article_publisher":"https:\/\/www.facebook.com\/snoobik","article_modified_time":"2025-07-31T18:04:47+00:00","og_image":[{"width":1500,"height":2250,"url":"https:\/\/snoobik.ee\/wp-content\/uploads\/2023\/11\/IMG_2839-1-scaled-e1699919793316.jpg","type":"image\/jpeg"}],"twitter_card":"summary_large_image","twitter_misc":{"Est. reading time":"1 minute"},"schema":{"@context":"https:\/\/schema.org","@graph":[{"@type":"WebPage","@id":"https:\/\/snoobik.ee\/en\/toode\/poekott-jaalind\/","url":"https:\/\/snoobik.ee\/en\/toode\/poekott-jaalind\/","name":"Poekott j\u00e4\u00e4lind - Snoobik","isPartOf":{"@id":"https:\/\/snoobik.ee\/en\/#website"},"primaryImageOfPage":{"@id":"https:\/\/snoobik.ee\/en\/toode\/poekott-jaalind\/#primaryimage"},"image":{"@id":"https:\/\/snoobik.ee\/en\/toode\/poekott-jaalind\/#primaryimage"},"thumbnailUrl":"https:\/\/snoobik.ee\/wp-content\/uploads\/2023\/11\/IMG_2839-1-scaled-e1699919793316.jpg","datePublished":"2023-11-13T23:49:16+00:00","dateModified":"2025-07-31T18:04:47+00:00","breadcrumb":{"@id":"https:\/\/snoobik.ee\/en\/toode\/poekott-jaalind\/#breadcrumb"},"inLanguage":"en-US","potentialAction":[{"@type":"ReadAction","target":["https:\/\/snoobik.ee\/en\/toode\/poekott-jaalind\/"]}]},{"@type":"ImageObject","inLanguage":"en-US","@id":"https:\/\/snoobik.ee\/en\/toode\/poekott-jaalind\/#primaryimage","url":"https:\/\/snoobik.ee\/wp-content\/uploads\/2023\/11\/IMG_2839-1-scaled-e1699919793316.jpg","contentUrl":"https:\/\/snoobik.ee\/wp-content\/uploads\/2023\/11\/IMG_2839-1-scaled-e1699919793316.jpg","width":1500,"height":2250,"caption":"poekott"},{"@type":"BreadcrumbList","@id":"https:\/\/snoobik.ee\/en\/toode\/poekott-jaalind\/#breadcrumb","itemListElement":[{"@type":"ListItem","position":1,"name":"Home","item":"https:\/\/snoobik.ee\/en\/"},{"@type":"ListItem","position":2,"name":"Shop","item":"https:\/\/snoobik.ee\/e-pood\/"},{"@type":"ListItem","position":3,"name":"Poekott j\u00e4\u00e4lind"}]},{"@type":"WebSite","@id":"https:\/\/snoobik.ee\/en\/#website","url":"https:\/\/snoobik.ee\/en\/","name":"Snoobik","description":"Eestis valmistatud lemmikloomatarbed","publisher":{"@id":"https:\/\/snoobik.ee\/en\/#organization"},"potentialAction":[{"@type":"SearchAction","target":{"@type":"EntryPoint","urlTemplate":"https:\/\/snoobik.ee\/en\/?s={search_term_string}"},"query-input":{"@type":"PropertyValueSpecification","valueRequired":true,"valueName":"search_term_string"}}],"inLanguage":"en-US"},{"@type":"Organization","@id":"https:\/\/snoobik.ee\/en\/#organization","name":"Snoobik","url":"https:\/\/snoobik.ee\/en\/","logo":{"@type":"ImageObject","inLanguage":"en-US","@id":"https:\/\/snoobik.ee\/en\/#\/schema\/logo\/image\/","url":"https:\/\/snoobik.ee\/wp-content\/uploads\/2023\/11\/snoobik.svg","contentUrl":"https:\/\/snoobik.ee\/wp-content\/uploads\/2023\/11\/snoobik.svg","width":110,"height":45,"caption":"Snoobik"},"image":{"@id":"https:\/\/snoobik.ee\/en\/#\/schema\/logo\/image\/"},"sameAs":["https:\/\/www.facebook.com\/snoobik","https:\/\/www.instagram.com\/snoobikcollar\/"]}]}},"_links":{"self":[{"href":"https:\/\/snoobik.ee\/en\/wp-json\/wp\/v2\/product\/939","targetHints":{"allow":["GET"]}}],"collection":[{"href":"https:\/\/snoobik.ee\/en\/wp-json\/wp\/v2\/product"}],"about":[{"href":"https:\/\/snoobik.ee\/en\/wp-json\/wp\/v2\/types\/product"}],"version-history":[{"count":1,"href":"https:\/\/snoobik.ee\/en\/wp-json\/wp\/v2\/product\/939\/revisions"}],"predecessor-version":[{"id":941,"href":"https:\/\/snoobik.ee\/en\/wp-json\/wp\/v2\/product\/939\/revisions\/941"}],"wp:featuredmedia":[{"embeddable":true,"href":"https:\/\/snoobik.ee\/en\/wp-json\/wp\/v2\/media\/940"}],"wp:attachment":[{"href":"https:\/\/snoobik.ee\/en\/wp-json\/wp\/v2\/media?parent=939"}],"wp:term":[{"taxonomy":"product_brand","embeddable":true,"href":"https:\/\/snoobik.ee\/en\/wp-json\/wp\/v2\/product_brand?post=939"},{"taxonomy":"product_cat","embeddable":true,"href":"https:\/\/snoobik.ee\/en\/wp-json\/wp\/v2\/product_cat?post=939"},{"taxonomy":"product_tag","embeddable":true,"href":"https:\/\/snoobik.ee\/en\/wp-json\/wp\/v2\/product_tag?post=939"}],"curies":[{"name":"wp","href":"https:\/\/api.w.org\/{rel}","templated":true}]}}