{"id":4025,"date":"2025-04-30T17:33:40","date_gmt":"2025-04-30T14:33:40","guid":{"rendered":"https:\/\/snoobik.ee\/?post_type=product&#038;p=4025"},"modified":"2025-04-30T17:33:40","modified_gmt":"2025-04-30T14:33:40","slug":"rihmakomplekt-dalmaatsia-koer","status":"publish","type":"product","link":"https:\/\/snoobik.ee\/en\/toode\/rihmakomplekt-dalmaatsia-koer\/","title":{"rendered":"Rihmakomplekt dalmaatsia koer"},"content":{"rendered":"<p>30mm lai kahepoolse tr\u00fckiga paksem tekstiilrihm, masinpestav, kaelarihm reguleeritava suurusega maksimaalselt \u00fcle pea tuleva suurusega 56cm (kael kokkujooksvana ilma poomiseta ca 50cm), minimaalne \u00fcle pea tulev m\u00f5\u00f5t 36cm ja kael ca 30 ilma poomiseta. Jalutusrihm 250cm pikk.<\/p>\n","protected":false},"excerpt":{"rendered":"<p>30mm lai kahepoolse tr\u00fckiga paksem tekstiilrihm, masinpestav, kaelarihm reguleeritava suurusega maksimaalselt \u00fcle pea tuleva suurusega 56cm (kael kokkujooksvana ilma poomiseta ca 50cm), minimaalne \u00fcle pea tulev m\u00f5\u00f5t 36cm ja kael ca 30 ilma poomiseta. Jalutusrihm 250cm pikk.<\/p>\n","protected":false},"featured_media":4026,"template":"","meta":{"_acf_changed":false,"inline_featured_image":false,"site-sidebar-layout":"default","site-content-layout":"","ast-site-content-layout":"default","site-content-style":"default","site-sidebar-style":"default","ast-global-header-display":"","ast-banner-title-visibility":"","ast-main-header-display":"","ast-hfb-above-header-display":"","ast-hfb-below-header-display":"","ast-hfb-mobile-header-display":"","site-post-title":"","ast-breadcrumbs-content":"","ast-featured-img":"","footer-sml-layout":"","theme-transparent-header-meta":"default","adv-header-id-meta":"","stick-header-meta":"","header-above-stick-meta":"","header-main-stick-meta":"","header-below-stick-meta":"","astra-migrate-meta-layouts":"set","ast-page-background-enabled":"default","ast-page-background-meta":{"desktop":{"background-color":"var(--ast-global-color-4)","background-image":"","background-repeat":"repeat","background-position":"center center","background-size":"auto","background-attachment":"scroll","background-type":"","background-media":"","overlay-type":"","overlay-color":"","overlay-opacity":"","overlay-gradient":""},"tablet":{"background-color":"","background-image":"","background-repeat":"repeat","background-position":"center center","background-size":"auto","background-attachment":"scroll","background-type":"","background-media":"","overlay-type":"","overlay-color":"","overlay-opacity":"","overlay-gradient":""},"mobile":{"background-color":"","background-image":"","background-repeat":"repeat","background-position":"center center","background-size":"auto","background-attachment":"scroll","background-type":"","background-media":"","overlay-type":"","overlay-color":"","overlay-opacity":"","overlay-gradient":""}},"ast-content-background-meta":{"desktop":{"background-color":"var(--ast-global-color-5)","background-image":"","background-repeat":"repeat","background-position":"center center","background-size":"auto","background-attachment":"scroll","background-type":"","background-media":"","overlay-type":"","overlay-color":"","overlay-opacity":"","overlay-gradient":""},"tablet":{"background-color":"var(--ast-global-color-5)","background-image":"","background-repeat":"repeat","background-position":"center center","background-size":"auto","background-attachment":"scroll","background-type":"","background-media":"","overlay-type":"","overlay-color":"","overlay-opacity":"","overlay-gradient":""},"mobile":{"background-color":"var(--ast-global-color-5)","background-image":"","background-repeat":"repeat","background-position":"center center","background-size":"auto","background-attachment":"scroll","background-type":"","background-media":"","overlay-type":"","overlay-color":"","overlay-opacity":"","overlay-gradient":""}}},"product_brand":[],"product_cat":[26,25],"product_tag":[84,45,146,144,46],"class_list":{"0":"post-4025","1":"product","2":"type-product","3":"status-publish","4":"has-post-thumbnail","6":"product_cat-jalutusrihmad","7":"product_cat-kaelarihmad","8":"product_tag-jalutusrihm","9":"product_tag-kaelarihm","10":"product_tag-laius-3-cm","11":"product_tag-mustad-detailid","12":"product_tag-poolpoov-kaelarihm","13":"desktop-align-left","14":"tablet-align-left","15":"mobile-align-left","16":"ast-product-gallery-layout-first-image-large","17":"ast-product-gallery-with-no-image","18":"ast-product-tabs-layout-accordion","20":"first","21":"instock","22":"purchasable","23":"product-type-simple"},"acf":[],"yoast_head":"<!-- This site is optimized with the Yoast SEO plugin v25.4 - https:\/\/yoast.com\/wordpress\/plugins\/seo\/ -->\n<title>Rihmakomplekt dalmaatsia koer - Snoobik<\/title>\n<meta name=\"description\" content=\"30mm lai kahepoolse tr\u00fckiga paksem tekstiilrihm, masinpestav, kaelarihm reguleeritava suurusega maksimaalselt \u00fcle pea tuleva suurusega 56cm (kael kokkujooksvana ilma poomiseta ca 50cm), minimaalne \u00fcle pea tulev m\u00f5\u00f5t 36cm ja kael ca 30 ilma poomiseta. Jalutusrihm 250cm pikk.\" \/>\n<meta name=\"robots\" content=\"index, follow, max-snippet:-1, max-image-preview:large, max-video-preview:-1\" \/>\n<link rel=\"canonical\" href=\"https:\/\/snoobik.ee\/en\/toode\/rihmakomplekt-dalmaatsia-koer\/\" \/>\n<meta property=\"og:locale\" content=\"en_US\" \/>\n<meta property=\"og:type\" content=\"article\" \/>\n<meta property=\"og:title\" content=\"Rihmakomplekt dalmaatsia koer - Snoobik\" \/>\n<meta property=\"og:description\" content=\"30mm lai kahepoolse tr\u00fckiga paksem tekstiilrihm, masinpestav, kaelarihm reguleeritava suurusega maksimaalselt \u00fcle pea tuleva suurusega 56cm (kael kokkujooksvana ilma poomiseta ca 50cm), minimaalne \u00fcle pea tulev m\u00f5\u00f5t 36cm ja kael ca 30 ilma poomiseta. Jalutusrihm 250cm pikk.\" \/>\n<meta property=\"og:url\" content=\"https:\/\/snoobik.ee\/en\/toode\/rihmakomplekt-dalmaatsia-koer\/\" \/>\n<meta property=\"og:site_name\" content=\"Snoobik\" \/>\n<meta property=\"article:publisher\" content=\"https:\/\/www.facebook.com\/snoobik\" \/>\n<meta property=\"og:image\" content=\"https:\/\/snoobik.ee\/wp-content\/uploads\/2025\/04\/IMG_5024.jpg\" \/>\n\t<meta property=\"og:image:width\" content=\"1200\" \/>\n\t<meta property=\"og:image:height\" content=\"800\" \/>\n\t<meta property=\"og:image:type\" content=\"image\/jpeg\" \/>\n<meta name=\"twitter:card\" content=\"summary_large_image\" \/>\n<meta name=\"twitter:label1\" content=\"Est. reading time\" \/>\n\t<meta name=\"twitter:data1\" content=\"1 minute\" \/>\n<script type=\"application\/ld+json\" class=\"yoast-schema-graph\">{\"@context\":\"https:\/\/schema.org\",\"@graph\":[{\"@type\":\"WebPage\",\"@id\":\"https:\/\/snoobik.ee\/en\/toode\/rihmakomplekt-dalmaatsia-koer\/\",\"url\":\"https:\/\/snoobik.ee\/en\/toode\/rihmakomplekt-dalmaatsia-koer\/\",\"name\":\"Rihmakomplekt dalmaatsia koer - Snoobik\",\"isPartOf\":{\"@id\":\"https:\/\/snoobik.ee\/en\/#website\"},\"primaryImageOfPage\":{\"@id\":\"https:\/\/snoobik.ee\/en\/toode\/rihmakomplekt-dalmaatsia-koer\/#primaryimage\"},\"image\":{\"@id\":\"https:\/\/snoobik.ee\/en\/toode\/rihmakomplekt-dalmaatsia-koer\/#primaryimage\"},\"thumbnailUrl\":\"https:\/\/snoobik.ee\/wp-content\/uploads\/2025\/04\/IMG_5024.jpg\",\"datePublished\":\"2025-04-30T14:33:40+00:00\",\"description\":\"30mm lai kahepoolse tr\u00fckiga paksem tekstiilrihm, masinpestav, kaelarihm reguleeritava suurusega maksimaalselt \u00fcle pea tuleva suurusega 56cm (kael kokkujooksvana ilma poomiseta ca 50cm), minimaalne \u00fcle pea tulev m\u00f5\u00f5t 36cm ja kael ca 30 ilma poomiseta. Jalutusrihm 250cm pikk.\",\"breadcrumb\":{\"@id\":\"https:\/\/snoobik.ee\/en\/toode\/rihmakomplekt-dalmaatsia-koer\/#breadcrumb\"},\"inLanguage\":\"en-US\",\"potentialAction\":[{\"@type\":\"ReadAction\",\"target\":[\"https:\/\/snoobik.ee\/en\/toode\/rihmakomplekt-dalmaatsia-koer\/\"]}]},{\"@type\":\"ImageObject\",\"inLanguage\":\"en-US\",\"@id\":\"https:\/\/snoobik.ee\/en\/toode\/rihmakomplekt-dalmaatsia-koer\/#primaryimage\",\"url\":\"https:\/\/snoobik.ee\/wp-content\/uploads\/2025\/04\/IMG_5024.jpg\",\"contentUrl\":\"https:\/\/snoobik.ee\/wp-content\/uploads\/2025\/04\/IMG_5024.jpg\",\"width\":1200,\"height\":800},{\"@type\":\"BreadcrumbList\",\"@id\":\"https:\/\/snoobik.ee\/en\/toode\/rihmakomplekt-dalmaatsia-koer\/#breadcrumb\",\"itemListElement\":[{\"@type\":\"ListItem\",\"position\":1,\"name\":\"Home\",\"item\":\"https:\/\/snoobik.ee\/en\/\"},{\"@type\":\"ListItem\",\"position\":2,\"name\":\"Shop\",\"item\":\"https:\/\/snoobik.ee\/e-pood\/\"},{\"@type\":\"ListItem\",\"position\":3,\"name\":\"Rihmakomplekt dalmaatsia koer\"}]},{\"@type\":\"WebSite\",\"@id\":\"https:\/\/snoobik.ee\/en\/#website\",\"url\":\"https:\/\/snoobik.ee\/en\/\",\"name\":\"Snoobik\",\"description\":\"Eestis valmistatud lemmikloomatarbed\",\"publisher\":{\"@id\":\"https:\/\/snoobik.ee\/en\/#organization\"},\"potentialAction\":[{\"@type\":\"SearchAction\",\"target\":{\"@type\":\"EntryPoint\",\"urlTemplate\":\"https:\/\/snoobik.ee\/en\/?s={search_term_string}\"},\"query-input\":{\"@type\":\"PropertyValueSpecification\",\"valueRequired\":true,\"valueName\":\"search_term_string\"}}],\"inLanguage\":\"en-US\"},{\"@type\":\"Organization\",\"@id\":\"https:\/\/snoobik.ee\/en\/#organization\",\"name\":\"Snoobik\",\"url\":\"https:\/\/snoobik.ee\/en\/\",\"logo\":{\"@type\":\"ImageObject\",\"inLanguage\":\"en-US\",\"@id\":\"https:\/\/snoobik.ee\/en\/#\/schema\/logo\/image\/\",\"url\":\"https:\/\/snoobik.ee\/wp-content\/uploads\/2023\/11\/snoobik.svg\",\"contentUrl\":\"https:\/\/snoobik.ee\/wp-content\/uploads\/2023\/11\/snoobik.svg\",\"width\":110,\"height\":45,\"caption\":\"Snoobik\"},\"image\":{\"@id\":\"https:\/\/snoobik.ee\/en\/#\/schema\/logo\/image\/\"},\"sameAs\":[\"https:\/\/www.facebook.com\/snoobik\",\"https:\/\/www.instagram.com\/snoobikcollar\/\"]}]}<\/script>\n<!-- \/ Yoast SEO plugin. -->","yoast_head_json":{"title":"Rihmakomplekt dalmaatsia koer - Snoobik","description":"30mm lai kahepoolse tr\u00fckiga paksem tekstiilrihm, masinpestav, kaelarihm reguleeritava suurusega maksimaalselt \u00fcle pea tuleva suurusega 56cm (kael kokkujooksvana ilma poomiseta ca 50cm), minimaalne \u00fcle pea tulev m\u00f5\u00f5t 36cm ja kael ca 30 ilma poomiseta. Jalutusrihm 250cm pikk.","robots":{"index":"index","follow":"follow","max-snippet":"max-snippet:-1","max-image-preview":"max-image-preview:large","max-video-preview":"max-video-preview:-1"},"canonical":"https:\/\/snoobik.ee\/en\/toode\/rihmakomplekt-dalmaatsia-koer\/","og_locale":"en_US","og_type":"article","og_title":"Rihmakomplekt dalmaatsia koer - Snoobik","og_description":"30mm lai kahepoolse tr\u00fckiga paksem tekstiilrihm, masinpestav, kaelarihm reguleeritava suurusega maksimaalselt \u00fcle pea tuleva suurusega 56cm (kael kokkujooksvana ilma poomiseta ca 50cm), minimaalne \u00fcle pea tulev m\u00f5\u00f5t 36cm ja kael ca 30 ilma poomiseta. Jalutusrihm 250cm pikk.","og_url":"https:\/\/snoobik.ee\/en\/toode\/rihmakomplekt-dalmaatsia-koer\/","og_site_name":"Snoobik","article_publisher":"https:\/\/www.facebook.com\/snoobik","og_image":[{"width":1200,"height":800,"url":"https:\/\/snoobik.ee\/wp-content\/uploads\/2025\/04\/IMG_5024.jpg","type":"image\/jpeg"}],"twitter_card":"summary_large_image","twitter_misc":{"Est. reading time":"1 minute"},"schema":{"@context":"https:\/\/schema.org","@graph":[{"@type":"WebPage","@id":"https:\/\/snoobik.ee\/en\/toode\/rihmakomplekt-dalmaatsia-koer\/","url":"https:\/\/snoobik.ee\/en\/toode\/rihmakomplekt-dalmaatsia-koer\/","name":"Rihmakomplekt dalmaatsia koer - Snoobik","isPartOf":{"@id":"https:\/\/snoobik.ee\/en\/#website"},"primaryImageOfPage":{"@id":"https:\/\/snoobik.ee\/en\/toode\/rihmakomplekt-dalmaatsia-koer\/#primaryimage"},"image":{"@id":"https:\/\/snoobik.ee\/en\/toode\/rihmakomplekt-dalmaatsia-koer\/#primaryimage"},"thumbnailUrl":"https:\/\/snoobik.ee\/wp-content\/uploads\/2025\/04\/IMG_5024.jpg","datePublished":"2025-04-30T14:33:40+00:00","description":"30mm lai kahepoolse tr\u00fckiga paksem tekstiilrihm, masinpestav, kaelarihm reguleeritava suurusega maksimaalselt \u00fcle pea tuleva suurusega 56cm (kael kokkujooksvana ilma poomiseta ca 50cm), minimaalne \u00fcle pea tulev m\u00f5\u00f5t 36cm ja kael ca 30 ilma poomiseta. Jalutusrihm 250cm pikk.","breadcrumb":{"@id":"https:\/\/snoobik.ee\/en\/toode\/rihmakomplekt-dalmaatsia-koer\/#breadcrumb"},"inLanguage":"en-US","potentialAction":[{"@type":"ReadAction","target":["https:\/\/snoobik.ee\/en\/toode\/rihmakomplekt-dalmaatsia-koer\/"]}]},{"@type":"ImageObject","inLanguage":"en-US","@id":"https:\/\/snoobik.ee\/en\/toode\/rihmakomplekt-dalmaatsia-koer\/#primaryimage","url":"https:\/\/snoobik.ee\/wp-content\/uploads\/2025\/04\/IMG_5024.jpg","contentUrl":"https:\/\/snoobik.ee\/wp-content\/uploads\/2025\/04\/IMG_5024.jpg","width":1200,"height":800},{"@type":"BreadcrumbList","@id":"https:\/\/snoobik.ee\/en\/toode\/rihmakomplekt-dalmaatsia-koer\/#breadcrumb","itemListElement":[{"@type":"ListItem","position":1,"name":"Home","item":"https:\/\/snoobik.ee\/en\/"},{"@type":"ListItem","position":2,"name":"Shop","item":"https:\/\/snoobik.ee\/e-pood\/"},{"@type":"ListItem","position":3,"name":"Rihmakomplekt dalmaatsia koer"}]},{"@type":"WebSite","@id":"https:\/\/snoobik.ee\/en\/#website","url":"https:\/\/snoobik.ee\/en\/","name":"Snoobik","description":"Eestis valmistatud lemmikloomatarbed","publisher":{"@id":"https:\/\/snoobik.ee\/en\/#organization"},"potentialAction":[{"@type":"SearchAction","target":{"@type":"EntryPoint","urlTemplate":"https:\/\/snoobik.ee\/en\/?s={search_term_string}"},"query-input":{"@type":"PropertyValueSpecification","valueRequired":true,"valueName":"search_term_string"}}],"inLanguage":"en-US"},{"@type":"Organization","@id":"https:\/\/snoobik.ee\/en\/#organization","name":"Snoobik","url":"https:\/\/snoobik.ee\/en\/","logo":{"@type":"ImageObject","inLanguage":"en-US","@id":"https:\/\/snoobik.ee\/en\/#\/schema\/logo\/image\/","url":"https:\/\/snoobik.ee\/wp-content\/uploads\/2023\/11\/snoobik.svg","contentUrl":"https:\/\/snoobik.ee\/wp-content\/uploads\/2023\/11\/snoobik.svg","width":110,"height":45,"caption":"Snoobik"},"image":{"@id":"https:\/\/snoobik.ee\/en\/#\/schema\/logo\/image\/"},"sameAs":["https:\/\/www.facebook.com\/snoobik","https:\/\/www.instagram.com\/snoobikcollar\/"]}]}},"_links":{"self":[{"href":"https:\/\/snoobik.ee\/en\/wp-json\/wp\/v2\/product\/4025","targetHints":{"allow":["GET"]}}],"collection":[{"href":"https:\/\/snoobik.ee\/en\/wp-json\/wp\/v2\/product"}],"about":[{"href":"https:\/\/snoobik.ee\/en\/wp-json\/wp\/v2\/types\/product"}],"version-history":[{"count":1,"href":"https:\/\/snoobik.ee\/en\/wp-json\/wp\/v2\/product\/4025\/revisions"}],"predecessor-version":[{"id":4028,"href":"https:\/\/snoobik.ee\/en\/wp-json\/wp\/v2\/product\/4025\/revisions\/4028"}],"wp:featuredmedia":[{"embeddable":true,"href":"https:\/\/snoobik.ee\/en\/wp-json\/wp\/v2\/media\/4026"}],"wp:attachment":[{"href":"https:\/\/snoobik.ee\/en\/wp-json\/wp\/v2\/media?parent=4025"}],"wp:term":[{"taxonomy":"product_brand","embeddable":true,"href":"https:\/\/snoobik.ee\/en\/wp-json\/wp\/v2\/product_brand?post=4025"},{"taxonomy":"product_cat","embeddable":true,"href":"https:\/\/snoobik.ee\/en\/wp-json\/wp\/v2\/product_cat?post=4025"},{"taxonomy":"product_tag","embeddable":true,"href":"https:\/\/snoobik.ee\/en\/wp-json\/wp\/v2\/product_tag?post=4025"}],"curies":[{"name":"wp","href":"https:\/\/api.w.org\/{rel}","templated":true}]}}