{"id":3438,"date":"2025-03-04T15:08:00","date_gmt":"2025-03-04T13:08:00","guid":{"rendered":"https:\/\/snoobik.ee\/?post_type=product&#038;p=3438"},"modified":"2025-03-04T15:08:00","modified_gmt":"2025-03-04T13:08:00","slug":"maiusekott-roosa-monstera","status":"publish","type":"product","link":"https:\/\/snoobik.ee\/en\/toode\/maiusekott-roosa-monstera\/","title":{"rendered":"Maiusekott roosa monstera"},"content":{"rendered":"<p>Kahekordsest vetth\u00fclgavast kangast maiusekott, 10&#215;15 cm, reguleeritav v\u00f6\u00f6rihm, max 110 cm.<\/p>\n","protected":false},"excerpt":{"rendered":"<p>Kahekordsest vetth\u00fclgavast kangast maiusekott, 10&#215;15 cm, reguleeritav v\u00f6\u00f6rihm, max 110 cm.<\/p>\n","protected":false},"featured_media":3439,"template":"","meta":{"_acf_changed":false,"inline_featured_image":false,"site-sidebar-layout":"default","site-content-layout":"","ast-site-content-layout":"default","site-content-style":"default","site-sidebar-style":"default","ast-global-header-display":"","ast-banner-title-visibility":"","ast-main-header-display":"","ast-hfb-above-header-display":"","ast-hfb-below-header-display":"","ast-hfb-mobile-header-display":"","site-post-title":"","ast-breadcrumbs-content":"","ast-featured-img":"","footer-sml-layout":"","theme-transparent-header-meta":"default","adv-header-id-meta":"","stick-header-meta":"","header-above-stick-meta":"","header-main-stick-meta":"","header-below-stick-meta":"","astra-migrate-meta-layouts":"set","ast-page-background-enabled":"default","ast-page-background-meta":{"desktop":{"background-color":"var(--ast-global-color-4)","background-image":"","background-repeat":"repeat","background-position":"center center","background-size":"auto","background-attachment":"scroll","background-type":"","background-media":"","overlay-type":"","overlay-color":"","overlay-opacity":"","overlay-gradient":""},"tablet":{"background-color":"","background-image":"","background-repeat":"repeat","background-position":"center center","background-size":"auto","background-attachment":"scroll","background-type":"","background-media":"","overlay-type":"","overlay-color":"","overlay-opacity":"","overlay-gradient":""},"mobile":{"background-color":"","background-image":"","background-repeat":"repeat","background-position":"center center","background-size":"auto","background-attachment":"scroll","background-type":"","background-media":"","overlay-type":"","overlay-color":"","overlay-opacity":"","overlay-gradient":""}},"ast-content-background-meta":{"desktop":{"background-color":"var(--ast-global-color-5)","background-image":"","background-repeat":"repeat","background-position":"center center","background-size":"auto","background-attachment":"scroll","background-type":"","background-media":"","overlay-type":"","overlay-color":"","overlay-opacity":"","overlay-gradient":""},"tablet":{"background-color":"var(--ast-global-color-5)","background-image":"","background-repeat":"repeat","background-position":"center center","background-size":"auto","background-attachment":"scroll","background-type":"","background-media":"","overlay-type":"","overlay-color":"","overlay-opacity":"","overlay-gradient":""},"mobile":{"background-color":"var(--ast-global-color-5)","background-image":"","background-repeat":"repeat","background-position":"center center","background-size":"auto","background-attachment":"scroll","background-type":"","background-media":"","overlay-type":"","overlay-color":"","overlay-opacity":"","overlay-gradient":""}}},"product_brand":[],"product_cat":[33],"product_tag":[],"class_list":{"0":"post-3438","1":"product","2":"type-product","3":"status-publish","4":"has-post-thumbnail","6":"product_cat-maiusekotid","7":"desktop-align-left","8":"tablet-align-left","9":"mobile-align-left","10":"ast-product-gallery-layout-first-image-large","11":"ast-product-gallery-with-no-image","12":"ast-product-tabs-layout-accordion","14":"first","15":"instock","16":"purchasable","17":"product-type-simple"},"acf":[],"yoast_head":"<!-- This site is optimized with the Yoast SEO plugin v25.4 - https:\/\/yoast.com\/wordpress\/plugins\/seo\/ -->\n<title>Maiusekott roosa monstera - Snoobik<\/title>\n<meta name=\"description\" content=\"Kahekordsest vetth\u00fclgavast kangast maiusekott, 10x15 cm, reguleeritav v\u00f6\u00f6rihm, max 110 cm.\" \/>\n<meta name=\"robots\" content=\"index, follow, max-snippet:-1, max-image-preview:large, max-video-preview:-1\" \/>\n<link rel=\"canonical\" href=\"https:\/\/snoobik.ee\/en\/toode\/maiusekott-roosa-monstera\/\" \/>\n<meta property=\"og:locale\" content=\"en_US\" \/>\n<meta property=\"og:type\" content=\"article\" \/>\n<meta property=\"og:title\" content=\"Maiusekott roosa monstera - Snoobik\" \/>\n<meta property=\"og:description\" content=\"Kahekordsest vetth\u00fclgavast kangast maiusekott, 10x15 cm, reguleeritav v\u00f6\u00f6rihm, max 110 cm.\" \/>\n<meta property=\"og:url\" content=\"https:\/\/snoobik.ee\/en\/toode\/maiusekott-roosa-monstera\/\" \/>\n<meta property=\"og:site_name\" content=\"Snoobik\" \/>\n<meta property=\"article:publisher\" content=\"https:\/\/www.facebook.com\/snoobik\" \/>\n<meta property=\"og:image\" content=\"https:\/\/snoobik.ee\/wp-content\/uploads\/2025\/03\/IMG_4705-scaled.jpg\" \/>\n\t<meta property=\"og:image:width\" content=\"2560\" \/>\n\t<meta property=\"og:image:height\" content=\"1707\" \/>\n\t<meta property=\"og:image:type\" content=\"image\/jpeg\" \/>\n<meta name=\"twitter:card\" content=\"summary_large_image\" \/>\n<meta name=\"twitter:label1\" content=\"Est. reading time\" \/>\n\t<meta name=\"twitter:data1\" content=\"1 minute\" \/>\n<script type=\"application\/ld+json\" class=\"yoast-schema-graph\">{\"@context\":\"https:\/\/schema.org\",\"@graph\":[{\"@type\":\"WebPage\",\"@id\":\"https:\/\/snoobik.ee\/en\/toode\/maiusekott-roosa-monstera\/\",\"url\":\"https:\/\/snoobik.ee\/en\/toode\/maiusekott-roosa-monstera\/\",\"name\":\"Maiusekott roosa monstera - Snoobik\",\"isPartOf\":{\"@id\":\"https:\/\/snoobik.ee\/en\/#website\"},\"primaryImageOfPage\":{\"@id\":\"https:\/\/snoobik.ee\/en\/toode\/maiusekott-roosa-monstera\/#primaryimage\"},\"image\":{\"@id\":\"https:\/\/snoobik.ee\/en\/toode\/maiusekott-roosa-monstera\/#primaryimage\"},\"thumbnailUrl\":\"https:\/\/snoobik.ee\/wp-content\/uploads\/2025\/03\/IMG_4705-scaled.jpg\",\"datePublished\":\"2025-03-04T13:08:00+00:00\",\"description\":\"Kahekordsest vetth\u00fclgavast kangast maiusekott, 10x15 cm, reguleeritav v\u00f6\u00f6rihm, max 110 cm.\",\"breadcrumb\":{\"@id\":\"https:\/\/snoobik.ee\/en\/toode\/maiusekott-roosa-monstera\/#breadcrumb\"},\"inLanguage\":\"en-US\",\"potentialAction\":[{\"@type\":\"ReadAction\",\"target\":[\"https:\/\/snoobik.ee\/en\/toode\/maiusekott-roosa-monstera\/\"]}]},{\"@type\":\"ImageObject\",\"inLanguage\":\"en-US\",\"@id\":\"https:\/\/snoobik.ee\/en\/toode\/maiusekott-roosa-monstera\/#primaryimage\",\"url\":\"https:\/\/snoobik.ee\/wp-content\/uploads\/2025\/03\/IMG_4705-scaled.jpg\",\"contentUrl\":\"https:\/\/snoobik.ee\/wp-content\/uploads\/2025\/03\/IMG_4705-scaled.jpg\",\"width\":2560,\"height\":1707},{\"@type\":\"BreadcrumbList\",\"@id\":\"https:\/\/snoobik.ee\/en\/toode\/maiusekott-roosa-monstera\/#breadcrumb\",\"itemListElement\":[{\"@type\":\"ListItem\",\"position\":1,\"name\":\"Home\",\"item\":\"https:\/\/snoobik.ee\/en\/\"},{\"@type\":\"ListItem\",\"position\":2,\"name\":\"Shop\",\"item\":\"https:\/\/snoobik.ee\/e-pood\/\"},{\"@type\":\"ListItem\",\"position\":3,\"name\":\"Maiusekott roosa monstera\"}]},{\"@type\":\"WebSite\",\"@id\":\"https:\/\/snoobik.ee\/en\/#website\",\"url\":\"https:\/\/snoobik.ee\/en\/\",\"name\":\"Snoobik\",\"description\":\"Eestis valmistatud lemmikloomatarbed\",\"publisher\":{\"@id\":\"https:\/\/snoobik.ee\/en\/#organization\"},\"potentialAction\":[{\"@type\":\"SearchAction\",\"target\":{\"@type\":\"EntryPoint\",\"urlTemplate\":\"https:\/\/snoobik.ee\/en\/?s={search_term_string}\"},\"query-input\":{\"@type\":\"PropertyValueSpecification\",\"valueRequired\":true,\"valueName\":\"search_term_string\"}}],\"inLanguage\":\"en-US\"},{\"@type\":\"Organization\",\"@id\":\"https:\/\/snoobik.ee\/en\/#organization\",\"name\":\"Snoobik\",\"url\":\"https:\/\/snoobik.ee\/en\/\",\"logo\":{\"@type\":\"ImageObject\",\"inLanguage\":\"en-US\",\"@id\":\"https:\/\/snoobik.ee\/en\/#\/schema\/logo\/image\/\",\"url\":\"https:\/\/snoobik.ee\/wp-content\/uploads\/2023\/11\/snoobik.svg\",\"contentUrl\":\"https:\/\/snoobik.ee\/wp-content\/uploads\/2023\/11\/snoobik.svg\",\"width\":110,\"height\":45,\"caption\":\"Snoobik\"},\"image\":{\"@id\":\"https:\/\/snoobik.ee\/en\/#\/schema\/logo\/image\/\"},\"sameAs\":[\"https:\/\/www.facebook.com\/snoobik\",\"https:\/\/www.instagram.com\/snoobikcollar\/\"]}]}<\/script>\n<!-- \/ Yoast SEO plugin. -->","yoast_head_json":{"title":"Maiusekott roosa monstera - Snoobik","description":"Kahekordsest vetth\u00fclgavast kangast maiusekott, 10x15 cm, reguleeritav v\u00f6\u00f6rihm, max 110 cm.","robots":{"index":"index","follow":"follow","max-snippet":"max-snippet:-1","max-image-preview":"max-image-preview:large","max-video-preview":"max-video-preview:-1"},"canonical":"https:\/\/snoobik.ee\/en\/toode\/maiusekott-roosa-monstera\/","og_locale":"en_US","og_type":"article","og_title":"Maiusekott roosa monstera - Snoobik","og_description":"Kahekordsest vetth\u00fclgavast kangast maiusekott, 10x15 cm, reguleeritav v\u00f6\u00f6rihm, max 110 cm.","og_url":"https:\/\/snoobik.ee\/en\/toode\/maiusekott-roosa-monstera\/","og_site_name":"Snoobik","article_publisher":"https:\/\/www.facebook.com\/snoobik","og_image":[{"width":2560,"height":1707,"url":"https:\/\/snoobik.ee\/wp-content\/uploads\/2025\/03\/IMG_4705-scaled.jpg","type":"image\/jpeg"}],"twitter_card":"summary_large_image","twitter_misc":{"Est. reading time":"1 minute"},"schema":{"@context":"https:\/\/schema.org","@graph":[{"@type":"WebPage","@id":"https:\/\/snoobik.ee\/en\/toode\/maiusekott-roosa-monstera\/","url":"https:\/\/snoobik.ee\/en\/toode\/maiusekott-roosa-monstera\/","name":"Maiusekott roosa monstera - Snoobik","isPartOf":{"@id":"https:\/\/snoobik.ee\/en\/#website"},"primaryImageOfPage":{"@id":"https:\/\/snoobik.ee\/en\/toode\/maiusekott-roosa-monstera\/#primaryimage"},"image":{"@id":"https:\/\/snoobik.ee\/en\/toode\/maiusekott-roosa-monstera\/#primaryimage"},"thumbnailUrl":"https:\/\/snoobik.ee\/wp-content\/uploads\/2025\/03\/IMG_4705-scaled.jpg","datePublished":"2025-03-04T13:08:00+00:00","description":"Kahekordsest vetth\u00fclgavast kangast maiusekott, 10x15 cm, reguleeritav v\u00f6\u00f6rihm, max 110 cm.","breadcrumb":{"@id":"https:\/\/snoobik.ee\/en\/toode\/maiusekott-roosa-monstera\/#breadcrumb"},"inLanguage":"en-US","potentialAction":[{"@type":"ReadAction","target":["https:\/\/snoobik.ee\/en\/toode\/maiusekott-roosa-monstera\/"]}]},{"@type":"ImageObject","inLanguage":"en-US","@id":"https:\/\/snoobik.ee\/en\/toode\/maiusekott-roosa-monstera\/#primaryimage","url":"https:\/\/snoobik.ee\/wp-content\/uploads\/2025\/03\/IMG_4705-scaled.jpg","contentUrl":"https:\/\/snoobik.ee\/wp-content\/uploads\/2025\/03\/IMG_4705-scaled.jpg","width":2560,"height":1707},{"@type":"BreadcrumbList","@id":"https:\/\/snoobik.ee\/en\/toode\/maiusekott-roosa-monstera\/#breadcrumb","itemListElement":[{"@type":"ListItem","position":1,"name":"Home","item":"https:\/\/snoobik.ee\/en\/"},{"@type":"ListItem","position":2,"name":"Shop","item":"https:\/\/snoobik.ee\/e-pood\/"},{"@type":"ListItem","position":3,"name":"Maiusekott roosa monstera"}]},{"@type":"WebSite","@id":"https:\/\/snoobik.ee\/en\/#website","url":"https:\/\/snoobik.ee\/en\/","name":"Snoobik","description":"Eestis valmistatud lemmikloomatarbed","publisher":{"@id":"https:\/\/snoobik.ee\/en\/#organization"},"potentialAction":[{"@type":"SearchAction","target":{"@type":"EntryPoint","urlTemplate":"https:\/\/snoobik.ee\/en\/?s={search_term_string}"},"query-input":{"@type":"PropertyValueSpecification","valueRequired":true,"valueName":"search_term_string"}}],"inLanguage":"en-US"},{"@type":"Organization","@id":"https:\/\/snoobik.ee\/en\/#organization","name":"Snoobik","url":"https:\/\/snoobik.ee\/en\/","logo":{"@type":"ImageObject","inLanguage":"en-US","@id":"https:\/\/snoobik.ee\/en\/#\/schema\/logo\/image\/","url":"https:\/\/snoobik.ee\/wp-content\/uploads\/2023\/11\/snoobik.svg","contentUrl":"https:\/\/snoobik.ee\/wp-content\/uploads\/2023\/11\/snoobik.svg","width":110,"height":45,"caption":"Snoobik"},"image":{"@id":"https:\/\/snoobik.ee\/en\/#\/schema\/logo\/image\/"},"sameAs":["https:\/\/www.facebook.com\/snoobik","https:\/\/www.instagram.com\/snoobikcollar\/"]}]}},"_links":{"self":[{"href":"https:\/\/snoobik.ee\/en\/wp-json\/wp\/v2\/product\/3438","targetHints":{"allow":["GET"]}}],"collection":[{"href":"https:\/\/snoobik.ee\/en\/wp-json\/wp\/v2\/product"}],"about":[{"href":"https:\/\/snoobik.ee\/en\/wp-json\/wp\/v2\/types\/product"}],"version-history":[{"count":1,"href":"https:\/\/snoobik.ee\/en\/wp-json\/wp\/v2\/product\/3438\/revisions"}],"predecessor-version":[{"id":3441,"href":"https:\/\/snoobik.ee\/en\/wp-json\/wp\/v2\/product\/3438\/revisions\/3441"}],"wp:featuredmedia":[{"embeddable":true,"href":"https:\/\/snoobik.ee\/en\/wp-json\/wp\/v2\/media\/3439"}],"wp:attachment":[{"href":"https:\/\/snoobik.ee\/en\/wp-json\/wp\/v2\/media?parent=3438"}],"wp:term":[{"taxonomy":"product_brand","embeddable":true,"href":"https:\/\/snoobik.ee\/en\/wp-json\/wp\/v2\/product_brand?post=3438"},{"taxonomy":"product_cat","embeddable":true,"href":"https:\/\/snoobik.ee\/en\/wp-json\/wp\/v2\/product_cat?post=3438"},{"taxonomy":"product_tag","embeddable":true,"href":"https:\/\/snoobik.ee\/en\/wp-json\/wp\/v2\/product_tag?post=3438"}],"curies":[{"name":"wp","href":"https:\/\/api.w.org\/{rel}","templated":true}]}}