{"id":2389,"date":"2024-07-08T19:36:19","date_gmt":"2024-07-08T16:36:19","guid":{"rendered":"https:\/\/snoobik.ee\/?post_type=product&#038;p=2389"},"modified":"2026-02-19T13:53:43","modified_gmt":"2026-02-19T11:53:43","slug":"kaelarihm-lilled-beezil","status":"publish","type":"product","link":"https:\/\/snoobik.ee\/en\/toode\/kaelarihm-lilled-beezil\/","title":{"rendered":"Kaelarihm v\u00f5i komplekt lilled bee\u017eil"},"content":{"rendered":"<p>Tekstiilrihm, 25mm lai, reguleeritav suurus, masinpestav, 100% pol\u00fcester, jalutusrihm valitud pikkuses. Tooni poolest sobib kokku ka fotol oleva bee\u017ei pvc kattega PawTex rihmaga.<br \/>\nPaelaga kaetud komplektina ostes on aluspaela v\u00e4rv bee\u017e (nagu klambriga fotol), PawTex rihmaga koos ostes on aluspaela v\u00e4rv naturaalvalge.<\/p>\n","protected":false},"excerpt":{"rendered":"<p>Tekstiilrihm, 25mm lai, reguleeritav suurus, masinpestav, 100% pol\u00fcester, jalutusrihm valitud pikkuses. Tooni poolest sobib kokku ka fotol oleva bee\u017ei pvc kattega PawTex rihmaga. Paelaga kaetud komplektina ostes on aluspaela v\u00e4rv bee\u017e (nagu klambriga fotol), PawTex rihmaga koos ostes on aluspaela v\u00e4rv naturaalvalge.<\/p>\n","protected":false},"featured_media":2430,"template":"","meta":{"_acf_changed":false,"inline_featured_image":false,"site-sidebar-layout":"default","site-content-layout":"","ast-site-content-layout":"default","site-content-style":"default","site-sidebar-style":"default","ast-global-header-display":"","ast-banner-title-visibility":"","ast-main-header-display":"","ast-hfb-above-header-display":"","ast-hfb-below-header-display":"","ast-hfb-mobile-header-display":"","site-post-title":"","ast-breadcrumbs-content":"","ast-featured-img":"","footer-sml-layout":"","theme-transparent-header-meta":"default","adv-header-id-meta":"","stick-header-meta":"","header-above-stick-meta":"","header-main-stick-meta":"","header-below-stick-meta":"","astra-migrate-meta-layouts":"set","ast-page-background-enabled":"default","ast-page-background-meta":{"desktop":{"background-color":"var(--ast-global-color-4)","background-image":"","background-repeat":"repeat","background-position":"center center","background-size":"auto","background-attachment":"scroll","background-type":"","background-media":"","overlay-type":"","overlay-color":"","overlay-opacity":"","overlay-gradient":""},"tablet":{"background-color":"","background-image":"","background-repeat":"repeat","background-position":"center center","background-size":"auto","background-attachment":"scroll","background-type":"","background-media":"","overlay-type":"","overlay-color":"","overlay-opacity":"","overlay-gradient":""},"mobile":{"background-color":"","background-image":"","background-repeat":"repeat","background-position":"center center","background-size":"auto","background-attachment":"scroll","background-type":"","background-media":"","overlay-type":"","overlay-color":"","overlay-opacity":"","overlay-gradient":""}},"ast-content-background-meta":{"desktop":{"background-color":"var(--ast-global-color-5)","background-image":"","background-repeat":"repeat","background-position":"center center","background-size":"auto","background-attachment":"scroll","background-type":"","background-media":"","overlay-type":"","overlay-color":"","overlay-opacity":"","overlay-gradient":""},"tablet":{"background-color":"var(--ast-global-color-5)","background-image":"","background-repeat":"repeat","background-position":"center center","background-size":"auto","background-attachment":"scroll","background-type":"","background-media":"","overlay-type":"","overlay-color":"","overlay-opacity":"","overlay-gradient":""},"mobile":{"background-color":"var(--ast-global-color-5)","background-image":"","background-repeat":"repeat","background-position":"center center","background-size":"auto","background-attachment":"scroll","background-type":"","background-media":"","overlay-type":"","overlay-color":"","overlay-opacity":"","overlay-gradient":""}}},"product_brand":[],"product_cat":[26,25],"product_tag":[45,56,50,46],"class_list":{"0":"post-2389","1":"product","2":"type-product","3":"status-publish","4":"has-post-thumbnail","6":"product_cat-jalutusrihmad","7":"product_cat-kaelarihmad","8":"product_tag-kaelarihm","9":"product_tag-klambriga-kaelarihm","10":"product_tag-laius-2-5-cm","11":"product_tag-poolpoov-kaelarihm","12":"desktop-align-left","13":"tablet-align-left","14":"mobile-align-left","15":"ast-product-gallery-layout-first-image-large","16":"ast-product-single-variable","17":"ast-product-tabs-layout-accordion","19":"first","20":"instock","21":"sold-individually","22":"purchasable","23":"product-type-variable"},"acf":[],"yoast_head":"<!-- This site is optimized with the Yoast SEO plugin v25.4 - https:\/\/yoast.com\/wordpress\/plugins\/seo\/ -->\n<title>Kaelarihm v\u00f5i komplekt lilled bee\u017eil - Snoobik<\/title>\n<meta name=\"description\" content=\"Poolpoov tekstiilkaelarihm, 25mm lai, reguleeritav suurus, masinpestav, 100% pol\u00fcester.\" \/>\n<meta name=\"robots\" content=\"index, follow, max-snippet:-1, max-image-preview:large, max-video-preview:-1\" \/>\n<link rel=\"canonical\" href=\"https:\/\/snoobik.ee\/en\/toode\/kaelarihm-lilled-beezil\/\" \/>\n<meta property=\"og:locale\" content=\"en_US\" \/>\n<meta property=\"og:type\" content=\"article\" \/>\n<meta property=\"og:title\" content=\"Kaelarihm v\u00f5i komplekt lilled bee\u017eil - Snoobik\" \/>\n<meta property=\"og:description\" content=\"Poolpoov tekstiilkaelarihm, 25mm lai, reguleeritav suurus, masinpestav, 100% pol\u00fcester.\" \/>\n<meta property=\"og:url\" content=\"https:\/\/snoobik.ee\/en\/toode\/kaelarihm-lilled-beezil\/\" \/>\n<meta property=\"og:site_name\" content=\"Snoobik\" \/>\n<meta property=\"article:publisher\" content=\"https:\/\/www.facebook.com\/snoobik\" \/>\n<meta property=\"article:modified_time\" content=\"2026-02-19T11:53:43+00:00\" \/>\n<meta property=\"og:image\" content=\"https:\/\/snoobik.ee\/wp-content\/uploads\/2024\/07\/vint-1.jpg\" \/>\n\t<meta property=\"og:image:width\" content=\"877\" \/>\n\t<meta property=\"og:image:height\" content=\"581\" \/>\n\t<meta property=\"og:image:type\" content=\"image\/jpeg\" \/>\n<meta name=\"twitter:card\" content=\"summary_large_image\" \/>\n<meta name=\"twitter:label1\" content=\"Est. reading time\" \/>\n\t<meta name=\"twitter:data1\" content=\"1 minute\" \/>\n<script type=\"application\/ld+json\" class=\"yoast-schema-graph\">{\"@context\":\"https:\/\/schema.org\",\"@graph\":[{\"@type\":\"WebPage\",\"@id\":\"https:\/\/snoobik.ee\/en\/toode\/kaelarihm-lilled-beezil\/\",\"url\":\"https:\/\/snoobik.ee\/en\/toode\/kaelarihm-lilled-beezil\/\",\"name\":\"Kaelarihm v\u00f5i komplekt lilled bee\u017eil - Snoobik\",\"isPartOf\":{\"@id\":\"https:\/\/snoobik.ee\/en\/#website\"},\"primaryImageOfPage\":{\"@id\":\"https:\/\/snoobik.ee\/en\/toode\/kaelarihm-lilled-beezil\/#primaryimage\"},\"image\":{\"@id\":\"https:\/\/snoobik.ee\/en\/toode\/kaelarihm-lilled-beezil\/#primaryimage\"},\"thumbnailUrl\":\"https:\/\/snoobik.ee\/wp-content\/uploads\/2024\/07\/vint-1.jpg\",\"datePublished\":\"2024-07-08T16:36:19+00:00\",\"dateModified\":\"2026-02-19T11:53:43+00:00\",\"description\":\"Poolpoov tekstiilkaelarihm, 25mm lai, reguleeritav suurus, masinpestav, 100% pol\u00fcester.\",\"breadcrumb\":{\"@id\":\"https:\/\/snoobik.ee\/en\/toode\/kaelarihm-lilled-beezil\/#breadcrumb\"},\"inLanguage\":\"en-US\",\"potentialAction\":[{\"@type\":\"ReadAction\",\"target\":[\"https:\/\/snoobik.ee\/en\/toode\/kaelarihm-lilled-beezil\/\"]}]},{\"@type\":\"ImageObject\",\"inLanguage\":\"en-US\",\"@id\":\"https:\/\/snoobik.ee\/en\/toode\/kaelarihm-lilled-beezil\/#primaryimage\",\"url\":\"https:\/\/snoobik.ee\/wp-content\/uploads\/2024\/07\/vint-1.jpg\",\"contentUrl\":\"https:\/\/snoobik.ee\/wp-content\/uploads\/2024\/07\/vint-1.jpg\",\"width\":877,\"height\":581},{\"@type\":\"BreadcrumbList\",\"@id\":\"https:\/\/snoobik.ee\/en\/toode\/kaelarihm-lilled-beezil\/#breadcrumb\",\"itemListElement\":[{\"@type\":\"ListItem\",\"position\":1,\"name\":\"Home\",\"item\":\"https:\/\/snoobik.ee\/en\/\"},{\"@type\":\"ListItem\",\"position\":2,\"name\":\"Shop\",\"item\":\"https:\/\/snoobik.ee\/e-pood\/\"},{\"@type\":\"ListItem\",\"position\":3,\"name\":\"Kaelarihm v\u00f5i komplekt lilled bee\u017eil\"}]},{\"@type\":\"WebSite\",\"@id\":\"https:\/\/snoobik.ee\/en\/#website\",\"url\":\"https:\/\/snoobik.ee\/en\/\",\"name\":\"Snoobik\",\"description\":\"Eestis valmistatud lemmikloomatarbed\",\"publisher\":{\"@id\":\"https:\/\/snoobik.ee\/en\/#organization\"},\"potentialAction\":[{\"@type\":\"SearchAction\",\"target\":{\"@type\":\"EntryPoint\",\"urlTemplate\":\"https:\/\/snoobik.ee\/en\/?s={search_term_string}\"},\"query-input\":{\"@type\":\"PropertyValueSpecification\",\"valueRequired\":true,\"valueName\":\"search_term_string\"}}],\"inLanguage\":\"en-US\"},{\"@type\":\"Organization\",\"@id\":\"https:\/\/snoobik.ee\/en\/#organization\",\"name\":\"Snoobik\",\"url\":\"https:\/\/snoobik.ee\/en\/\",\"logo\":{\"@type\":\"ImageObject\",\"inLanguage\":\"en-US\",\"@id\":\"https:\/\/snoobik.ee\/en\/#\/schema\/logo\/image\/\",\"url\":\"https:\/\/snoobik.ee\/wp-content\/uploads\/2023\/11\/snoobik.svg\",\"contentUrl\":\"https:\/\/snoobik.ee\/wp-content\/uploads\/2023\/11\/snoobik.svg\",\"width\":110,\"height\":45,\"caption\":\"Snoobik\"},\"image\":{\"@id\":\"https:\/\/snoobik.ee\/en\/#\/schema\/logo\/image\/\"},\"sameAs\":[\"https:\/\/www.facebook.com\/snoobik\",\"https:\/\/www.instagram.com\/snoobikcollar\/\"]}]}<\/script>\n<!-- \/ Yoast SEO plugin. -->","yoast_head_json":{"title":"Kaelarihm v\u00f5i komplekt lilled bee\u017eil - Snoobik","description":"Poolpoov tekstiilkaelarihm, 25mm lai, reguleeritav suurus, masinpestav, 100% pol\u00fcester.","robots":{"index":"index","follow":"follow","max-snippet":"max-snippet:-1","max-image-preview":"max-image-preview:large","max-video-preview":"max-video-preview:-1"},"canonical":"https:\/\/snoobik.ee\/en\/toode\/kaelarihm-lilled-beezil\/","og_locale":"en_US","og_type":"article","og_title":"Kaelarihm v\u00f5i komplekt lilled bee\u017eil - Snoobik","og_description":"Poolpoov tekstiilkaelarihm, 25mm lai, reguleeritav suurus, masinpestav, 100% pol\u00fcester.","og_url":"https:\/\/snoobik.ee\/en\/toode\/kaelarihm-lilled-beezil\/","og_site_name":"Snoobik","article_publisher":"https:\/\/www.facebook.com\/snoobik","article_modified_time":"2026-02-19T11:53:43+00:00","og_image":[{"width":877,"height":581,"url":"https:\/\/snoobik.ee\/wp-content\/uploads\/2024\/07\/vint-1.jpg","type":"image\/jpeg"}],"twitter_card":"summary_large_image","twitter_misc":{"Est. reading time":"1 minute"},"schema":{"@context":"https:\/\/schema.org","@graph":[{"@type":"WebPage","@id":"https:\/\/snoobik.ee\/en\/toode\/kaelarihm-lilled-beezil\/","url":"https:\/\/snoobik.ee\/en\/toode\/kaelarihm-lilled-beezil\/","name":"Kaelarihm v\u00f5i komplekt lilled bee\u017eil - Snoobik","isPartOf":{"@id":"https:\/\/snoobik.ee\/en\/#website"},"primaryImageOfPage":{"@id":"https:\/\/snoobik.ee\/en\/toode\/kaelarihm-lilled-beezil\/#primaryimage"},"image":{"@id":"https:\/\/snoobik.ee\/en\/toode\/kaelarihm-lilled-beezil\/#primaryimage"},"thumbnailUrl":"https:\/\/snoobik.ee\/wp-content\/uploads\/2024\/07\/vint-1.jpg","datePublished":"2024-07-08T16:36:19+00:00","dateModified":"2026-02-19T11:53:43+00:00","description":"Poolpoov tekstiilkaelarihm, 25mm lai, reguleeritav suurus, masinpestav, 100% pol\u00fcester.","breadcrumb":{"@id":"https:\/\/snoobik.ee\/en\/toode\/kaelarihm-lilled-beezil\/#breadcrumb"},"inLanguage":"en-US","potentialAction":[{"@type":"ReadAction","target":["https:\/\/snoobik.ee\/en\/toode\/kaelarihm-lilled-beezil\/"]}]},{"@type":"ImageObject","inLanguage":"en-US","@id":"https:\/\/snoobik.ee\/en\/toode\/kaelarihm-lilled-beezil\/#primaryimage","url":"https:\/\/snoobik.ee\/wp-content\/uploads\/2024\/07\/vint-1.jpg","contentUrl":"https:\/\/snoobik.ee\/wp-content\/uploads\/2024\/07\/vint-1.jpg","width":877,"height":581},{"@type":"BreadcrumbList","@id":"https:\/\/snoobik.ee\/en\/toode\/kaelarihm-lilled-beezil\/#breadcrumb","itemListElement":[{"@type":"ListItem","position":1,"name":"Home","item":"https:\/\/snoobik.ee\/en\/"},{"@type":"ListItem","position":2,"name":"Shop","item":"https:\/\/snoobik.ee\/e-pood\/"},{"@type":"ListItem","position":3,"name":"Kaelarihm v\u00f5i komplekt lilled bee\u017eil"}]},{"@type":"WebSite","@id":"https:\/\/snoobik.ee\/en\/#website","url":"https:\/\/snoobik.ee\/en\/","name":"Snoobik","description":"Eestis valmistatud lemmikloomatarbed","publisher":{"@id":"https:\/\/snoobik.ee\/en\/#organization"},"potentialAction":[{"@type":"SearchAction","target":{"@type":"EntryPoint","urlTemplate":"https:\/\/snoobik.ee\/en\/?s={search_term_string}"},"query-input":{"@type":"PropertyValueSpecification","valueRequired":true,"valueName":"search_term_string"}}],"inLanguage":"en-US"},{"@type":"Organization","@id":"https:\/\/snoobik.ee\/en\/#organization","name":"Snoobik","url":"https:\/\/snoobik.ee\/en\/","logo":{"@type":"ImageObject","inLanguage":"en-US","@id":"https:\/\/snoobik.ee\/en\/#\/schema\/logo\/image\/","url":"https:\/\/snoobik.ee\/wp-content\/uploads\/2023\/11\/snoobik.svg","contentUrl":"https:\/\/snoobik.ee\/wp-content\/uploads\/2023\/11\/snoobik.svg","width":110,"height":45,"caption":"Snoobik"},"image":{"@id":"https:\/\/snoobik.ee\/en\/#\/schema\/logo\/image\/"},"sameAs":["https:\/\/www.facebook.com\/snoobik","https:\/\/www.instagram.com\/snoobikcollar\/"]}]}},"_links":{"self":[{"href":"https:\/\/snoobik.ee\/en\/wp-json\/wp\/v2\/product\/2389","targetHints":{"allow":["GET"]}}],"collection":[{"href":"https:\/\/snoobik.ee\/en\/wp-json\/wp\/v2\/product"}],"about":[{"href":"https:\/\/snoobik.ee\/en\/wp-json\/wp\/v2\/types\/product"}],"version-history":[{"count":4,"href":"https:\/\/snoobik.ee\/en\/wp-json\/wp\/v2\/product\/2389\/revisions"}],"predecessor-version":[{"id":4688,"href":"https:\/\/snoobik.ee\/en\/wp-json\/wp\/v2\/product\/2389\/revisions\/4688"}],"wp:featuredmedia":[{"embeddable":true,"href":"https:\/\/snoobik.ee\/en\/wp-json\/wp\/v2\/media\/2430"}],"wp:attachment":[{"href":"https:\/\/snoobik.ee\/en\/wp-json\/wp\/v2\/media?parent=2389"}],"wp:term":[{"taxonomy":"product_brand","embeddable":true,"href":"https:\/\/snoobik.ee\/en\/wp-json\/wp\/v2\/product_brand?post=2389"},{"taxonomy":"product_cat","embeddable":true,"href":"https:\/\/snoobik.ee\/en\/wp-json\/wp\/v2\/product_cat?post=2389"},{"taxonomy":"product_tag","embeddable":true,"href":"https:\/\/snoobik.ee\/en\/wp-json\/wp\/v2\/product_tag?post=2389"}],"curies":[{"name":"wp","href":"https:\/\/api.w.org\/{rel}","templated":true}]}}