{"id":1316,"date":"2024-01-09T23:50:50","date_gmt":"2024-01-09T21:50:50","guid":{"rendered":"https:\/\/snoobik.ee\/?post_type=product&#038;p=1316"},"modified":"2025-09-20T23:35:13","modified_gmt":"2025-09-20T20:35:13","slug":"biotaan-biothane-rihmad-laisega-9-38mm","status":"publish","type":"product","link":"https:\/\/snoobik.ee\/en\/toode\/biotaan-biothane-rihmad-laisega-9-38mm\/","title":{"rendered":"Biotaan\/biothane rihmad tellimisel, laiusega 9-50mm"},"content":{"rendered":"<p>V\u00f5imalik tellida ooteajaga (materjal on tellimisega ja tarne s\u00f5ltub, kuid mitte alla n\u00e4dala) erineva laiuse ja v\u00e4rviga nii kaela- kui jalutusrihmasid vastavalt enda erisoovile. Laiused on 9, 13, 16, 19, 25 , 38 ja 50mm (50mm hetkel ainult musta v\u00e4rvi). Soovi korral palun v\u00f5tta \u00fchendust snoobik@snoobik.ee, Facebooki v\u00f5i Instagrami s\u00f5numite kaudu. V\u00e4rvivalik on suur, aga s\u00f5ltuvalt tarnija laoseisust, muutuv. Hind kujuneb vastavalt tellimusele v\u00f5i erisoovidele, kuid tavap\u00e4raselt on 2cm lai klambriga kaelarihm alates 20\u20ac, 25mm lai klambriga kaelarihm alates 25\u20ac, 38mm lai klambriga kaelarihm alates 30\u20ac<br \/>\nGaleriis olevad fotod on n\u00e4idised tehtud t\u00f6\u00f6dest v\u00f5i: <a href=\"https:\/\/www.facebook.com\/media\/set\/?set=a.122097901856076769&amp;type=3\" target=\"_blank\" rel=\"noopener\">Biotaan ja pvc rihmad<\/a><\/p>\n","protected":false},"excerpt":{"rendered":"<p>V\u00f5imalik tellida ooteajaga (materjal on tellimisega ja tarne s\u00f5ltub, kuid mitte alla n\u00e4dala) erineva laiuse ja v\u00e4rviga nii kaela- kui jalutusrihmasid vastavalt enda erisoovile. Laiused on 9, 13, 16, 19, 25 , 38 ja 50mm (50mm hetkel ainult musta v\u00e4rvi). Soovi korral palun v\u00f5tta \u00fchendust snoobik@snoobik.ee, Facebooki v\u00f5i Instagrami s\u00f5numite kaudu. V\u00e4rvivalik on suur, aga [&hellip;]<\/p>\n","protected":false},"featured_media":4604,"template":"","meta":{"_acf_changed":false,"inline_featured_image":false,"site-sidebar-layout":"default","site-content-layout":"","ast-site-content-layout":"default","site-content-style":"default","site-sidebar-style":"default","ast-global-header-display":"","ast-banner-title-visibility":"","ast-main-header-display":"","ast-hfb-above-header-display":"","ast-hfb-below-header-display":"","ast-hfb-mobile-header-display":"","site-post-title":"","ast-breadcrumbs-content":"","ast-featured-img":"","footer-sml-layout":"","theme-transparent-header-meta":"default","adv-header-id-meta":"","stick-header-meta":"","header-above-stick-meta":"","header-main-stick-meta":"","header-below-stick-meta":"","astra-migrate-meta-layouts":"set","ast-page-background-enabled":"default","ast-page-background-meta":{"desktop":{"background-color":"var(--ast-global-color-4)","background-image":"","background-repeat":"repeat","background-position":"center center","background-size":"auto","background-attachment":"scroll","background-type":"","background-media":"","overlay-type":"","overlay-color":"","overlay-opacity":"","overlay-gradient":""},"tablet":{"background-color":"","background-image":"","background-repeat":"repeat","background-position":"center center","background-size":"auto","background-attachment":"scroll","background-type":"","background-media":"","overlay-type":"","overlay-color":"","overlay-opacity":"","overlay-gradient":""},"mobile":{"background-color":"","background-image":"","background-repeat":"repeat","background-position":"center center","background-size":"auto","background-attachment":"scroll","background-type":"","background-media":"","overlay-type":"","overlay-color":"","overlay-opacity":"","overlay-gradient":""}},"ast-content-background-meta":{"desktop":{"background-color":"var(--ast-global-color-5)","background-image":"","background-repeat":"repeat","background-position":"center center","background-size":"auto","background-attachment":"scroll","background-type":"","background-media":"","overlay-type":"","overlay-color":"","overlay-opacity":"","overlay-gradient":""},"tablet":{"background-color":"var(--ast-global-color-5)","background-image":"","background-repeat":"repeat","background-position":"center center","background-size":"auto","background-attachment":"scroll","background-type":"","background-media":"","overlay-type":"","overlay-color":"","overlay-opacity":"","overlay-gradient":""},"mobile":{"background-color":"var(--ast-global-color-5)","background-image":"","background-repeat":"repeat","background-position":"center center","background-size":"auto","background-attachment":"scroll","background-type":"","background-media":"","overlay-type":"","overlay-color":"","overlay-opacity":"","overlay-gradient":""}}},"product_brand":[],"product_cat":[192,26,25],"product_tag":[47,55],"class_list":{"0":"post-1316","1":"product","2":"type-product","3":"status-publish","4":"has-post-thumbnail","6":"product_cat-biotaan","7":"product_cat-jalutusrihmad","8":"product_cat-kaelarihmad","9":"product_tag-biotaan","10":"product_tag-biothane","11":"desktop-align-left","12":"tablet-align-left","13":"mobile-align-left","14":"ast-product-gallery-layout-first-image-large","15":"ast-product-tabs-layout-accordion","17":"first","18":"outofstock","19":"purchasable","20":"product-type-simple"},"acf":[],"yoast_head":"<!-- This site is optimized with the Yoast SEO plugin v25.4 - https:\/\/yoast.com\/wordpress\/plugins\/seo\/ -->\n<title>Biotaan\/biothane rihmad tellimisel, laiusega 9-50mm - Snoobik<\/title>\n<meta name=\"description\" content=\"V\u00f5imalik tellida ooteajaga (materjal on tellimisega ja tarne s\u00f5ltub, kuid mitte alla n\u00e4dala) erineva laiuse ja v\u00e4rviga nii kaela- kui jalutusrihmasid vastavalt enda erisoovile. Laiused on 9, 13, 16, 19, 25 ja 38mm. Soovi korral palun v\u00f5tta \u00fchendust.\" \/>\n<meta name=\"robots\" content=\"index, follow, max-snippet:-1, max-image-preview:large, max-video-preview:-1\" \/>\n<link rel=\"canonical\" href=\"https:\/\/snoobik.ee\/en\/toode\/biotaan-biothane-rihmad-laisega-9-38mm\/\" \/>\n<meta property=\"og:locale\" content=\"en_US\" \/>\n<meta property=\"og:type\" content=\"article\" \/>\n<meta property=\"og:title\" content=\"Biotaan\/biothane rihmad tellimisel, laiusega 9-50mm - Snoobik\" \/>\n<meta property=\"og:description\" content=\"V\u00f5imalik tellida ooteajaga (materjal on tellimisega ja tarne s\u00f5ltub, kuid mitte alla n\u00e4dala) erineva laiuse ja v\u00e4rviga nii kaela- kui jalutusrihmasid vastavalt enda erisoovile. Laiused on 9, 13, 16, 19, 25 ja 38mm. Soovi korral palun v\u00f5tta \u00fchendust.\" \/>\n<meta property=\"og:url\" content=\"https:\/\/snoobik.ee\/en\/toode\/biotaan-biothane-rihmad-laisega-9-38mm\/\" \/>\n<meta property=\"og:site_name\" content=\"Snoobik\" \/>\n<meta property=\"article:publisher\" content=\"https:\/\/www.facebook.com\/snoobik\" \/>\n<meta property=\"article:modified_time\" content=\"2025-09-20T20:35:13+00:00\" \/>\n<meta property=\"og:image\" content=\"https:\/\/snoobik.ee\/wp-content\/uploads\/2024\/01\/Nimetu.jpg\" \/>\n\t<meta property=\"og:image:width\" content=\"2032\" \/>\n\t<meta property=\"og:image:height\" content=\"1574\" \/>\n\t<meta property=\"og:image:type\" content=\"image\/jpeg\" \/>\n<meta name=\"twitter:card\" content=\"summary_large_image\" \/>\n<meta name=\"twitter:label1\" content=\"Est. reading time\" \/>\n\t<meta name=\"twitter:data1\" content=\"1 minute\" \/>\n<script type=\"application\/ld+json\" class=\"yoast-schema-graph\">{\"@context\":\"https:\/\/schema.org\",\"@graph\":[{\"@type\":\"WebPage\",\"@id\":\"https:\/\/snoobik.ee\/en\/toode\/biotaan-biothane-rihmad-laisega-9-38mm\/\",\"url\":\"https:\/\/snoobik.ee\/en\/toode\/biotaan-biothane-rihmad-laisega-9-38mm\/\",\"name\":\"Biotaan\/biothane rihmad tellimisel, laiusega 9-50mm - Snoobik\",\"isPartOf\":{\"@id\":\"https:\/\/snoobik.ee\/en\/#website\"},\"primaryImageOfPage\":{\"@id\":\"https:\/\/snoobik.ee\/en\/toode\/biotaan-biothane-rihmad-laisega-9-38mm\/#primaryimage\"},\"image\":{\"@id\":\"https:\/\/snoobik.ee\/en\/toode\/biotaan-biothane-rihmad-laisega-9-38mm\/#primaryimage\"},\"thumbnailUrl\":\"https:\/\/snoobik.ee\/wp-content\/uploads\/2024\/01\/Nimetu.jpg\",\"datePublished\":\"2024-01-09T21:50:50+00:00\",\"dateModified\":\"2025-09-20T20:35:13+00:00\",\"description\":\"V\u00f5imalik tellida ooteajaga (materjal on tellimisega ja tarne s\u00f5ltub, kuid mitte alla n\u00e4dala) erineva laiuse ja v\u00e4rviga nii kaela- kui jalutusrihmasid vastavalt enda erisoovile. Laiused on 9, 13, 16, 19, 25 ja 38mm. Soovi korral palun v\u00f5tta \u00fchendust.\",\"breadcrumb\":{\"@id\":\"https:\/\/snoobik.ee\/en\/toode\/biotaan-biothane-rihmad-laisega-9-38mm\/#breadcrumb\"},\"inLanguage\":\"en-US\",\"potentialAction\":[{\"@type\":\"ReadAction\",\"target\":[\"https:\/\/snoobik.ee\/en\/toode\/biotaan-biothane-rihmad-laisega-9-38mm\/\"]}]},{\"@type\":\"ImageObject\",\"inLanguage\":\"en-US\",\"@id\":\"https:\/\/snoobik.ee\/en\/toode\/biotaan-biothane-rihmad-laisega-9-38mm\/#primaryimage\",\"url\":\"https:\/\/snoobik.ee\/wp-content\/uploads\/2024\/01\/Nimetu.jpg\",\"contentUrl\":\"https:\/\/snoobik.ee\/wp-content\/uploads\/2024\/01\/Nimetu.jpg\",\"width\":2032,\"height\":1574},{\"@type\":\"BreadcrumbList\",\"@id\":\"https:\/\/snoobik.ee\/en\/toode\/biotaan-biothane-rihmad-laisega-9-38mm\/#breadcrumb\",\"itemListElement\":[{\"@type\":\"ListItem\",\"position\":1,\"name\":\"Home\",\"item\":\"https:\/\/snoobik.ee\/en\/\"},{\"@type\":\"ListItem\",\"position\":2,\"name\":\"Shop\",\"item\":\"https:\/\/snoobik.ee\/e-pood\/\"},{\"@type\":\"ListItem\",\"position\":3,\"name\":\"Biotaan\/biothane rihmad tellimisel, laiusega 9-50mm\"}]},{\"@type\":\"WebSite\",\"@id\":\"https:\/\/snoobik.ee\/en\/#website\",\"url\":\"https:\/\/snoobik.ee\/en\/\",\"name\":\"Snoobik\",\"description\":\"Eestis valmistatud lemmikloomatarbed\",\"publisher\":{\"@id\":\"https:\/\/snoobik.ee\/en\/#organization\"},\"potentialAction\":[{\"@type\":\"SearchAction\",\"target\":{\"@type\":\"EntryPoint\",\"urlTemplate\":\"https:\/\/snoobik.ee\/en\/?s={search_term_string}\"},\"query-input\":{\"@type\":\"PropertyValueSpecification\",\"valueRequired\":true,\"valueName\":\"search_term_string\"}}],\"inLanguage\":\"en-US\"},{\"@type\":\"Organization\",\"@id\":\"https:\/\/snoobik.ee\/en\/#organization\",\"name\":\"Snoobik\",\"url\":\"https:\/\/snoobik.ee\/en\/\",\"logo\":{\"@type\":\"ImageObject\",\"inLanguage\":\"en-US\",\"@id\":\"https:\/\/snoobik.ee\/en\/#\/schema\/logo\/image\/\",\"url\":\"https:\/\/snoobik.ee\/wp-content\/uploads\/2023\/11\/snoobik.svg\",\"contentUrl\":\"https:\/\/snoobik.ee\/wp-content\/uploads\/2023\/11\/snoobik.svg\",\"width\":110,\"height\":45,\"caption\":\"Snoobik\"},\"image\":{\"@id\":\"https:\/\/snoobik.ee\/en\/#\/schema\/logo\/image\/\"},\"sameAs\":[\"https:\/\/www.facebook.com\/snoobik\",\"https:\/\/www.instagram.com\/snoobikcollar\/\"]}]}<\/script>\n<!-- \/ Yoast SEO plugin. -->","yoast_head_json":{"title":"Biotaan\/biothane rihmad tellimisel, laiusega 9-50mm - Snoobik","description":"V\u00f5imalik tellida ooteajaga (materjal on tellimisega ja tarne s\u00f5ltub, kuid mitte alla n\u00e4dala) erineva laiuse ja v\u00e4rviga nii kaela- kui jalutusrihmasid vastavalt enda erisoovile. Laiused on 9, 13, 16, 19, 25 ja 38mm. Soovi korral palun v\u00f5tta \u00fchendust.","robots":{"index":"index","follow":"follow","max-snippet":"max-snippet:-1","max-image-preview":"max-image-preview:large","max-video-preview":"max-video-preview:-1"},"canonical":"https:\/\/snoobik.ee\/en\/toode\/biotaan-biothane-rihmad-laisega-9-38mm\/","og_locale":"en_US","og_type":"article","og_title":"Biotaan\/biothane rihmad tellimisel, laiusega 9-50mm - Snoobik","og_description":"V\u00f5imalik tellida ooteajaga (materjal on tellimisega ja tarne s\u00f5ltub, kuid mitte alla n\u00e4dala) erineva laiuse ja v\u00e4rviga nii kaela- kui jalutusrihmasid vastavalt enda erisoovile. Laiused on 9, 13, 16, 19, 25 ja 38mm. Soovi korral palun v\u00f5tta \u00fchendust.","og_url":"https:\/\/snoobik.ee\/en\/toode\/biotaan-biothane-rihmad-laisega-9-38mm\/","og_site_name":"Snoobik","article_publisher":"https:\/\/www.facebook.com\/snoobik","article_modified_time":"2025-09-20T20:35:13+00:00","og_image":[{"width":2032,"height":1574,"url":"https:\/\/snoobik.ee\/wp-content\/uploads\/2024\/01\/Nimetu.jpg","type":"image\/jpeg"}],"twitter_card":"summary_large_image","twitter_misc":{"Est. reading time":"1 minute"},"schema":{"@context":"https:\/\/schema.org","@graph":[{"@type":"WebPage","@id":"https:\/\/snoobik.ee\/en\/toode\/biotaan-biothane-rihmad-laisega-9-38mm\/","url":"https:\/\/snoobik.ee\/en\/toode\/biotaan-biothane-rihmad-laisega-9-38mm\/","name":"Biotaan\/biothane rihmad tellimisel, laiusega 9-50mm - Snoobik","isPartOf":{"@id":"https:\/\/snoobik.ee\/en\/#website"},"primaryImageOfPage":{"@id":"https:\/\/snoobik.ee\/en\/toode\/biotaan-biothane-rihmad-laisega-9-38mm\/#primaryimage"},"image":{"@id":"https:\/\/snoobik.ee\/en\/toode\/biotaan-biothane-rihmad-laisega-9-38mm\/#primaryimage"},"thumbnailUrl":"https:\/\/snoobik.ee\/wp-content\/uploads\/2024\/01\/Nimetu.jpg","datePublished":"2024-01-09T21:50:50+00:00","dateModified":"2025-09-20T20:35:13+00:00","description":"V\u00f5imalik tellida ooteajaga (materjal on tellimisega ja tarne s\u00f5ltub, kuid mitte alla n\u00e4dala) erineva laiuse ja v\u00e4rviga nii kaela- kui jalutusrihmasid vastavalt enda erisoovile. Laiused on 9, 13, 16, 19, 25 ja 38mm. Soovi korral palun v\u00f5tta \u00fchendust.","breadcrumb":{"@id":"https:\/\/snoobik.ee\/en\/toode\/biotaan-biothane-rihmad-laisega-9-38mm\/#breadcrumb"},"inLanguage":"en-US","potentialAction":[{"@type":"ReadAction","target":["https:\/\/snoobik.ee\/en\/toode\/biotaan-biothane-rihmad-laisega-9-38mm\/"]}]},{"@type":"ImageObject","inLanguage":"en-US","@id":"https:\/\/snoobik.ee\/en\/toode\/biotaan-biothane-rihmad-laisega-9-38mm\/#primaryimage","url":"https:\/\/snoobik.ee\/wp-content\/uploads\/2024\/01\/Nimetu.jpg","contentUrl":"https:\/\/snoobik.ee\/wp-content\/uploads\/2024\/01\/Nimetu.jpg","width":2032,"height":1574},{"@type":"BreadcrumbList","@id":"https:\/\/snoobik.ee\/en\/toode\/biotaan-biothane-rihmad-laisega-9-38mm\/#breadcrumb","itemListElement":[{"@type":"ListItem","position":1,"name":"Home","item":"https:\/\/snoobik.ee\/en\/"},{"@type":"ListItem","position":2,"name":"Shop","item":"https:\/\/snoobik.ee\/e-pood\/"},{"@type":"ListItem","position":3,"name":"Biotaan\/biothane rihmad tellimisel, laiusega 9-50mm"}]},{"@type":"WebSite","@id":"https:\/\/snoobik.ee\/en\/#website","url":"https:\/\/snoobik.ee\/en\/","name":"Snoobik","description":"Eestis valmistatud lemmikloomatarbed","publisher":{"@id":"https:\/\/snoobik.ee\/en\/#organization"},"potentialAction":[{"@type":"SearchAction","target":{"@type":"EntryPoint","urlTemplate":"https:\/\/snoobik.ee\/en\/?s={search_term_string}"},"query-input":{"@type":"PropertyValueSpecification","valueRequired":true,"valueName":"search_term_string"}}],"inLanguage":"en-US"},{"@type":"Organization","@id":"https:\/\/snoobik.ee\/en\/#organization","name":"Snoobik","url":"https:\/\/snoobik.ee\/en\/","logo":{"@type":"ImageObject","inLanguage":"en-US","@id":"https:\/\/snoobik.ee\/en\/#\/schema\/logo\/image\/","url":"https:\/\/snoobik.ee\/wp-content\/uploads\/2023\/11\/snoobik.svg","contentUrl":"https:\/\/snoobik.ee\/wp-content\/uploads\/2023\/11\/snoobik.svg","width":110,"height":45,"caption":"Snoobik"},"image":{"@id":"https:\/\/snoobik.ee\/en\/#\/schema\/logo\/image\/"},"sameAs":["https:\/\/www.facebook.com\/snoobik","https:\/\/www.instagram.com\/snoobikcollar\/"]}]}},"_links":{"self":[{"href":"https:\/\/snoobik.ee\/en\/wp-json\/wp\/v2\/product\/1316","targetHints":{"allow":["GET"]}}],"collection":[{"href":"https:\/\/snoobik.ee\/en\/wp-json\/wp\/v2\/product"}],"about":[{"href":"https:\/\/snoobik.ee\/en\/wp-json\/wp\/v2\/types\/product"}],"version-history":[{"count":5,"href":"https:\/\/snoobik.ee\/en\/wp-json\/wp\/v2\/product\/1316\/revisions"}],"predecessor-version":[{"id":2897,"href":"https:\/\/snoobik.ee\/en\/wp-json\/wp\/v2\/product\/1316\/revisions\/2897"}],"wp:featuredmedia":[{"embeddable":true,"href":"https:\/\/snoobik.ee\/en\/wp-json\/wp\/v2\/media\/4604"}],"wp:attachment":[{"href":"https:\/\/snoobik.ee\/en\/wp-json\/wp\/v2\/media?parent=1316"}],"wp:term":[{"taxonomy":"product_brand","embeddable":true,"href":"https:\/\/snoobik.ee\/en\/wp-json\/wp\/v2\/product_brand?post=1316"},{"taxonomy":"product_cat","embeddable":true,"href":"https:\/\/snoobik.ee\/en\/wp-json\/wp\/v2\/product_cat?post=1316"},{"taxonomy":"product_tag","embeddable":true,"href":"https:\/\/snoobik.ee\/en\/wp-json\/wp\/v2\/product_tag?post=1316"}],"curies":[{"name":"wp","href":"https:\/\/api.w.org\/{rel}","templated":true}]}}