{"id":1763,"date":"2023-11-12T15:40:34","date_gmt":"2023-11-12T13:40:34","guid":{"rendered":"https:\/\/snoobik.ee\/ostu-ja-muugitingimused\/"},"modified":"2024-03-03T21:51:05","modified_gmt":"2024-03-03T19:51:05","slug":"buying-and-selling-conditions","status":"publish","type":"page","link":"https:\/\/snoobik.ee\/en\/buying-and-selling-conditions\/","title":{"rendered":"Buying and selling conditions"},"content":{"rendered":"\t\t<div data-elementor-type=\"wp-page\" data-elementor-id=\"1763\" class=\"elementor elementor-1763 elementor-789\" data-elementor-post-type=\"page\">\n\t\t\t\t<div class=\"elementor-element elementor-element-4dc31d36 e-flex e-con-boxed e-con e-parent\" data-id=\"4dc31d36\" data-element_type=\"container\">\n\t\t\t\t\t<div class=\"e-con-inner\">\n\t\t\t\t<div class=\"elementor-element elementor-element-12ca6e14 elementor-widget elementor-widget-text-editor\" data-id=\"12ca6e14\" data-element_type=\"widget\" data-widget_type=\"text-editor.default\">\n\t\t\t\t<div class=\"elementor-widget-container\">\n\t\t\t\t\t\t\t<h5>Kauba hind<\/h5>\n<p>K\u00f5ik veebilehel snoobik.ee avalikustatud hinnad ei sisalda k\u00e4ibemaksu.<br>Snoobik.ee j\u00e4tab endale \u00f5iguse teha veebipoe m\u00fc\u00fcgihindades muudatusi. Muudatused kajastuvad snoobik.ee hinnainfos.<br>Snoobik.ee kaubavalik, hinnad ja sooduspakkumised kehtivad ainult meie veebipoes.<\/p>\n<h5><b>Kauba tellimine<br><\/b><b><\/b><\/h5>\n<p>Valige sobiv toode ja vajutage nuppu \u201eLisa korvi\u201d.<br>Kui soovitud tooted on valitud, sisenege ostukorvi lehele, vajutades paremal \u00fcleval olevat nuppu \u201eOstukorv\u201d. Ostukorvis on n\u00e4ha k\u00f5ik valitud tooted.<br>Ostukorvis saab muuta toodete koguseid ja vajaduse korral toote eemaldada. Lisaks on v\u00f5imalik kasutada allahindluskoodi (kupong) juhul, kui see on olemas.<br>Tellimuse vormistamiseks t\u00e4itke k\u00f5ik n\u00f5utud andmev\u00e4ljad, valige sobiv toodete kohaletoimetamise viis ja makseviis ning kl\u00f5psake lingil \u201eKinnitan tellimuse\u02ee.<br>Seej\u00e4rel suunatakse Teid panka arvet tasuma.<br>Panga\u00fclekandega tasumisel kuvatakse ekraanile arve, mille saate tasuda Teile sobivas pangas euromaksena.<br>Tellimused, mille eest ei ole tasutud, t\u00fchistatakse, kui tellimuse vormistamisest on m\u00f6\u00f6dunud 24 tundi.<br>Kauba postitame alates tellimuse vormistamisest \/ arve laekumisest kahe t\u00f6\u00f6p\u00e4eva jooksul (v.a laup\u00e4ev, p\u00fchap\u00e4ev ja riiklikud p\u00fchad). V\u00f5imalikest viivitustest teavitame Teid kohe. L\u00fchiajaliste suurkampaaniate (E-esmasp\u00e4ev, Must Reede, Suur kevadine Sale) korral postitame kauba suure t\u00f6\u00f6koormuse esinemisel kuni 5 t\u00f6\u00f6p\u00e4eva jooksul.<\/p>\n<h5><strong>Kauba kohaletoimetamine<br><\/strong><\/h5>\n<p><b>SmartPOSTi pakiautomaat<\/b><br>Mugav, kiire ja t\u00e4iesti ilmastikukindel!<\/p>\n<p>SmartPOSTi pakiautomaadid asuvad peaaegu igas Eesti linnas. SmartPOSTi pakiautomaadid t\u00f6\u00f6tavad nagu iseteeninduslikud postkontorid, mis asuvad kaubanduskeskustes ja on avatud ka \u00f5htuti.<br>Kohe kui Teie tellimus on j\u00f5udnud sihtkoha SmartPOSTi pakiautomaati, saadetakse Teie mobiiltelefonile SMS-s\u00f5numiga uksekood, mille abil saate pakiautomaadi avada.<br>Pakiautomaatide asukohad leiate meie veebilehelt, kui valite kohaletoimetamise viisiks SmartPOSTi.<br>Lisainfo www.smartpost.ee<\/p>\n<h5>Kauba tagastamine<\/h5>\n<p><span class=\"s4\">Snoobik.ee veebipoest ostetud kauba kohta kehtivad Eesti Vabariigi seadustes etten\u00e4htud garantii ja tagastamise kord.<br><\/span><span class=\"s4\">Klient peab oma tagastamissoovist teada andma e-posti aadressil <a href=\"mailto:snoobik@snoobik.ee\">snoobik@snoobik.ee<\/a>&nbsp;14&nbsp;p\u00e4eva jooksul p\u00e4rast kauba k\u00e4ttesaamist.<br><\/span><span class=\"s4\">Tagastatav kaup peab olema kasutamata, kahjustamata ja originaalpakendis.<br><\/span><span class=\"s4\">Kauba tagastamise kulud kannab klient, v\u00e4lja arvatud juhul, kui tagastamise p\u00f5hjuseks on mittevastavus tellitule v\u00f5i praakkaup.<br><\/span><span class=\"s4\">Snoobik.ee tagastab kliendile raha 10 kalendrip\u00e4eva jooksul alates kauba k\u00e4ttesaamisest.<br><\/span><span class=\"s4\">Avatud pakendiga tooted tagastamisele ei kuulu.<\/span><\/p>\t\t\t\t\t\t<\/div>\n\t\t\t\t<\/div>\n\t\t\t\t\t<\/div>\n\t\t\t\t<\/div>\n\t\t\t\t<\/div>\n\t\t","protected":false},"excerpt":{"rendered":"<p>Kauba hind K\u00f5ik veebilehel snoobik.ee avalikustatud hinnad ei sisalda k\u00e4ibemaksu. Snoobik.ee j\u00e4tab endale \u00f5iguse teha veebipoe m\u00fc\u00fcgihindades muudatusi. Muudatused kajastuvad snoobik.ee hinnainfos. Snoobik.ee kaubavalik, hinnad ja sooduspakkumised kehtivad ainult meie veebipoes. Kauba tellimine Valige sobiv toode ja vajutage nuppu \u201eLisa korvi\u201d. Kui soovitud tooted on valitud, sisenege ostukorvi lehele, vajutades paremal \u00fcleval olevat nuppu \u201eOstukorv\u201d. [&hellip;]<\/p>\n","protected":false},"author":1,"featured_media":0,"parent":0,"menu_order":0,"comment_status":"closed","ping_status":"open","template":"elementor_theme","meta":{"_acf_changed":false,"inline_featured_image":false,"site-sidebar-layout":"default","site-content-layout":"","ast-site-content-layout":"default","site-content-style":"default","site-sidebar-style":"default","ast-global-header-display":"","ast-banner-title-visibility":"","ast-main-header-display":"","ast-hfb-above-header-display":"","ast-hfb-below-header-display":"","ast-hfb-mobile-header-display":"","site-post-title":"","ast-breadcrumbs-content":"","ast-featured-img":"","footer-sml-layout":"","theme-transparent-header-meta":"default","adv-header-id-meta":"","stick-header-meta":"","header-above-stick-meta":"","header-main-stick-meta":"","header-below-stick-meta":"","astra-migrate-meta-layouts":"set","ast-page-background-enabled":"default","ast-page-background-meta":{"desktop":{"background-color":"var(--ast-global-color-4)","background-image":"","background-repeat":"repeat","background-position":"center center","background-size":"auto","background-attachment":"scroll","background-type":"","background-media":"","overlay-type":"","overlay-color":"","overlay-opacity":"","overlay-gradient":""},"tablet":{"background-color":"","background-image":"","background-repeat":"repeat","background-position":"center center","background-size":"auto","background-attachment":"scroll","background-type":"","background-media":"","overlay-type":"","overlay-color":"","overlay-opacity":"","overlay-gradient":""},"mobile":{"background-color":"","background-image":"","background-repeat":"repeat","background-position":"center center","background-size":"auto","background-attachment":"scroll","background-type":"","background-media":"","overlay-type":"","overlay-color":"","overlay-opacity":"","overlay-gradient":""}},"ast-content-background-meta":{"desktop":{"background-color":"var(--ast-global-color-5)","background-image":"","background-repeat":"repeat","background-position":"center center","background-size":"auto","background-attachment":"scroll","background-type":"","background-media":"","overlay-type":"","overlay-color":"","overlay-opacity":"","overlay-gradient":""},"tablet":{"background-color":"var(--ast-global-color-5)","background-image":"","background-repeat":"repeat","background-position":"center center","background-size":"auto","background-attachment":"scroll","background-type":"","background-media":"","overlay-type":"","overlay-color":"","overlay-opacity":"","overlay-gradient":""},"mobile":{"background-color":"var(--ast-global-color-5)","background-image":"","background-repeat":"repeat","background-position":"center center","background-size":"auto","background-attachment":"scroll","background-type":"","background-media":"","overlay-type":"","overlay-color":"","overlay-opacity":"","overlay-gradient":""}},"footnotes":""},"class_list":["post-1763","page","type-page","status-publish","hentry"],"acf":[],"yoast_head":"<!-- This site is optimized with the Yoast SEO plugin v25.4 - https:\/\/yoast.com\/wordpress\/plugins\/seo\/ -->\n<title>Buying and selling conditions - Snoobik<\/title>\n<meta name=\"robots\" content=\"index, follow, max-snippet:-1, max-image-preview:large, max-video-preview:-1\" \/>\n<link rel=\"canonical\" href=\"https:\/\/snoobik.ee\/en\/buying-and-selling-conditions\/\" \/>\n<meta property=\"og:locale\" content=\"en_US\" \/>\n<meta property=\"og:type\" content=\"article\" \/>\n<meta property=\"og:title\" content=\"Buying and selling conditions - Snoobik\" \/>\n<meta property=\"og:description\" content=\"Kauba hind K\u00f5ik veebilehel snoobik.ee avalikustatud hinnad ei sisalda k\u00e4ibemaksu. Snoobik.ee j\u00e4tab endale \u00f5iguse teha veebipoe m\u00fc\u00fcgihindades muudatusi. Muudatused kajastuvad snoobik.ee hinnainfos. Snoobik.ee kaubavalik, hinnad ja sooduspakkumised kehtivad ainult meie veebipoes. Kauba tellimine Valige sobiv toode ja vajutage nuppu \u201eLisa korvi\u201d. Kui soovitud tooted on valitud, sisenege ostukorvi lehele, vajutades paremal \u00fcleval olevat nuppu \u201eOstukorv\u201d. [&hellip;]\" \/>\n<meta property=\"og:url\" content=\"https:\/\/snoobik.ee\/en\/buying-and-selling-conditions\/\" \/>\n<meta property=\"og:site_name\" content=\"Snoobik\" \/>\n<meta property=\"article:publisher\" content=\"https:\/\/www.facebook.com\/snoobik\" \/>\n<meta property=\"article:modified_time\" content=\"2024-03-03T19:51:05+00:00\" \/>\n<meta name=\"twitter:card\" content=\"summary_large_image\" \/>\n<meta name=\"twitter:label1\" content=\"Est. reading time\" \/>\n\t<meta name=\"twitter:data1\" content=\"2 minutes\" \/>\n<script type=\"application\/ld+json\" class=\"yoast-schema-graph\">{\"@context\":\"https:\/\/schema.org\",\"@graph\":[{\"@type\":\"WebPage\",\"@id\":\"https:\/\/snoobik.ee\/en\/buying-and-selling-conditions\/\",\"url\":\"https:\/\/snoobik.ee\/en\/buying-and-selling-conditions\/\",\"name\":\"Buying and selling conditions - Snoobik\",\"isPartOf\":{\"@id\":\"https:\/\/snoobik.ee\/en\/#website\"},\"datePublished\":\"2023-11-12T13:40:34+00:00\",\"dateModified\":\"2024-03-03T19:51:05+00:00\",\"breadcrumb\":{\"@id\":\"https:\/\/snoobik.ee\/en\/buying-and-selling-conditions\/#breadcrumb\"},\"inLanguage\":\"en-US\",\"potentialAction\":[{\"@type\":\"ReadAction\",\"target\":[\"https:\/\/snoobik.ee\/en\/buying-and-selling-conditions\/\"]}]},{\"@type\":\"BreadcrumbList\",\"@id\":\"https:\/\/snoobik.ee\/en\/buying-and-selling-conditions\/#breadcrumb\",\"itemListElement\":[{\"@type\":\"ListItem\",\"position\":1,\"name\":\"Home\",\"item\":\"https:\/\/snoobik.ee\/en\/\"},{\"@type\":\"ListItem\",\"position\":2,\"name\":\"Buying and selling conditions\"}]},{\"@type\":\"WebSite\",\"@id\":\"https:\/\/snoobik.ee\/en\/#website\",\"url\":\"https:\/\/snoobik.ee\/en\/\",\"name\":\"Snoobik\",\"description\":\"Eestis valmistatud lemmikloomatarbed\",\"publisher\":{\"@id\":\"https:\/\/snoobik.ee\/en\/#organization\"},\"potentialAction\":[{\"@type\":\"SearchAction\",\"target\":{\"@type\":\"EntryPoint\",\"urlTemplate\":\"https:\/\/snoobik.ee\/en\/?s={search_term_string}\"},\"query-input\":{\"@type\":\"PropertyValueSpecification\",\"valueRequired\":true,\"valueName\":\"search_term_string\"}}],\"inLanguage\":\"en-US\"},{\"@type\":\"Organization\",\"@id\":\"https:\/\/snoobik.ee\/en\/#organization\",\"name\":\"Snoobik\",\"url\":\"https:\/\/snoobik.ee\/en\/\",\"logo\":{\"@type\":\"ImageObject\",\"inLanguage\":\"en-US\",\"@id\":\"https:\/\/snoobik.ee\/en\/#\/schema\/logo\/image\/\",\"url\":\"https:\/\/snoobik.ee\/wp-content\/uploads\/2023\/11\/snoobik.svg\",\"contentUrl\":\"https:\/\/snoobik.ee\/wp-content\/uploads\/2023\/11\/snoobik.svg\",\"width\":110,\"height\":45,\"caption\":\"Snoobik\"},\"image\":{\"@id\":\"https:\/\/snoobik.ee\/en\/#\/schema\/logo\/image\/\"},\"sameAs\":[\"https:\/\/www.facebook.com\/snoobik\",\"https:\/\/www.instagram.com\/snoobikcollar\/\"]}]}<\/script>\n<!-- \/ Yoast SEO plugin. -->","yoast_head_json":{"title":"Buying and selling conditions - Snoobik","robots":{"index":"index","follow":"follow","max-snippet":"max-snippet:-1","max-image-preview":"max-image-preview:large","max-video-preview":"max-video-preview:-1"},"canonical":"https:\/\/snoobik.ee\/en\/buying-and-selling-conditions\/","og_locale":"en_US","og_type":"article","og_title":"Buying and selling conditions - Snoobik","og_description":"Kauba hind K\u00f5ik veebilehel snoobik.ee avalikustatud hinnad ei sisalda k\u00e4ibemaksu. Snoobik.ee j\u00e4tab endale \u00f5iguse teha veebipoe m\u00fc\u00fcgihindades muudatusi. Muudatused kajastuvad snoobik.ee hinnainfos. Snoobik.ee kaubavalik, hinnad ja sooduspakkumised kehtivad ainult meie veebipoes. Kauba tellimine Valige sobiv toode ja vajutage nuppu \u201eLisa korvi\u201d. Kui soovitud tooted on valitud, sisenege ostukorvi lehele, vajutades paremal \u00fcleval olevat nuppu \u201eOstukorv\u201d. [&hellip;]","og_url":"https:\/\/snoobik.ee\/en\/buying-and-selling-conditions\/","og_site_name":"Snoobik","article_publisher":"https:\/\/www.facebook.com\/snoobik","article_modified_time":"2024-03-03T19:51:05+00:00","twitter_card":"summary_large_image","twitter_misc":{"Est. reading time":"2 minutes"},"schema":{"@context":"https:\/\/schema.org","@graph":[{"@type":"WebPage","@id":"https:\/\/snoobik.ee\/en\/buying-and-selling-conditions\/","url":"https:\/\/snoobik.ee\/en\/buying-and-selling-conditions\/","name":"Buying and selling conditions - Snoobik","isPartOf":{"@id":"https:\/\/snoobik.ee\/en\/#website"},"datePublished":"2023-11-12T13:40:34+00:00","dateModified":"2024-03-03T19:51:05+00:00","breadcrumb":{"@id":"https:\/\/snoobik.ee\/en\/buying-and-selling-conditions\/#breadcrumb"},"inLanguage":"en-US","potentialAction":[{"@type":"ReadAction","target":["https:\/\/snoobik.ee\/en\/buying-and-selling-conditions\/"]}]},{"@type":"BreadcrumbList","@id":"https:\/\/snoobik.ee\/en\/buying-and-selling-conditions\/#breadcrumb","itemListElement":[{"@type":"ListItem","position":1,"name":"Home","item":"https:\/\/snoobik.ee\/en\/"},{"@type":"ListItem","position":2,"name":"Buying and selling conditions"}]},{"@type":"WebSite","@id":"https:\/\/snoobik.ee\/en\/#website","url":"https:\/\/snoobik.ee\/en\/","name":"Snoobik","description":"Eestis valmistatud lemmikloomatarbed","publisher":{"@id":"https:\/\/snoobik.ee\/en\/#organization"},"potentialAction":[{"@type":"SearchAction","target":{"@type":"EntryPoint","urlTemplate":"https:\/\/snoobik.ee\/en\/?s={search_term_string}"},"query-input":{"@type":"PropertyValueSpecification","valueRequired":true,"valueName":"search_term_string"}}],"inLanguage":"en-US"},{"@type":"Organization","@id":"https:\/\/snoobik.ee\/en\/#organization","name":"Snoobik","url":"https:\/\/snoobik.ee\/en\/","logo":{"@type":"ImageObject","inLanguage":"en-US","@id":"https:\/\/snoobik.ee\/en\/#\/schema\/logo\/image\/","url":"https:\/\/snoobik.ee\/wp-content\/uploads\/2023\/11\/snoobik.svg","contentUrl":"https:\/\/snoobik.ee\/wp-content\/uploads\/2023\/11\/snoobik.svg","width":110,"height":45,"caption":"Snoobik"},"image":{"@id":"https:\/\/snoobik.ee\/en\/#\/schema\/logo\/image\/"},"sameAs":["https:\/\/www.facebook.com\/snoobik","https:\/\/www.instagram.com\/snoobikcollar\/"]}]}},"_links":{"self":[{"href":"https:\/\/snoobik.ee\/en\/wp-json\/wp\/v2\/pages\/1763","targetHints":{"allow":["GET"]}}],"collection":[{"href":"https:\/\/snoobik.ee\/en\/wp-json\/wp\/v2\/pages"}],"about":[{"href":"https:\/\/snoobik.ee\/en\/wp-json\/wp\/v2\/types\/page"}],"author":[{"embeddable":true,"href":"https:\/\/snoobik.ee\/en\/wp-json\/wp\/v2\/users\/1"}],"replies":[{"embeddable":true,"href":"https:\/\/snoobik.ee\/en\/wp-json\/wp\/v2\/comments?post=1763"}],"version-history":[{"count":1,"href":"https:\/\/snoobik.ee\/en\/wp-json\/wp\/v2\/pages\/1763\/revisions"}],"predecessor-version":[{"id":1764,"href":"https:\/\/snoobik.ee\/en\/wp-json\/wp\/v2\/pages\/1763\/revisions\/1764"}],"wp:attachment":[{"href":"https:\/\/snoobik.ee\/en\/wp-json\/wp\/v2\/media?parent=1763"}],"curies":[{"name":"wp","href":"https:\/\/api.w.org\/{rel}","templated":true}]}}