{"id":1759,"date":"2022-07-18T09:48:47","date_gmt":"2022-07-18T06:48:47","guid":{"rendered":"https:\/\/snoobik.ee\/meist\/"},"modified":"2024-03-03T21:50:29","modified_gmt":"2024-03-03T19:50:29","slug":"about-us","status":"publish","type":"page","link":"https:\/\/snoobik.ee\/en\/about-us\/","title":{"rendered":"About us"},"content":{"rendered":"\t\t<div data-elementor-type=\"wp-page\" data-elementor-id=\"1759\" class=\"elementor elementor-1759 elementor-579\" data-elementor-post-type=\"page\">\n\t\t\t\t\t\t<section class=\"elementor-section elementor-top-section elementor-element elementor-element-281a0f9 elementor-section-boxed elementor-section-height-default elementor-section-height-default\" data-id=\"281a0f9\" data-element_type=\"section\">\n\t\t\t\t\t\t<div class=\"elementor-container elementor-column-gap-no\">\n\t\t\t\t\t<div class=\"elementor-column elementor-col-100 elementor-top-column elementor-element elementor-element-9408575\" data-id=\"9408575\" data-element_type=\"column\">\n\t\t\t<div class=\"elementor-widget-wrap elementor-element-populated\">\n\t\t\t\t\t\t<div class=\"elementor-element elementor-element-228c5f9 elementor-widget elementor-widget-heading\" data-id=\"228c5f9\" data-element_type=\"widget\" data-widget_type=\"heading.default\">\n\t\t\t\t<div class=\"elementor-widget-container\">\n\t\t\t<h1 class=\"elementor-heading-title elementor-size-default\">Meist<\/h1>\t\t<\/div>\n\t\t\t\t<\/div>\n\t\t\t\t<div class=\"elementor-element elementor-element-ad40aae elementor-widget-divider--view-line elementor-widget elementor-widget-divider\" data-id=\"ad40aae\" data-element_type=\"widget\" data-widget_type=\"divider.default\">\n\t\t\t\t<div class=\"elementor-widget-container\">\n\t\t\t\t\t<div class=\"elementor-divider\">\n\t\t\t<span class=\"elementor-divider-separator\">\n\t\t\t\t\t\t<\/span>\n\t\t<\/div>\n\t\t\t\t<\/div>\n\t\t\t\t<\/div>\n\t\t\t\t\t<\/div>\n\t\t<\/div>\n\t\t\t\t\t<\/div>\n\t\t<\/section>\n\t\t\t\t<section class=\"elementor-section elementor-top-section elementor-element elementor-element-3ac0052 elementor-section-content-top elementor-section-boxed elementor-section-height-default elementor-section-height-default\" data-id=\"3ac0052\" data-element_type=\"section\" data-settings=\"{&quot;background_background&quot;:&quot;classic&quot;}\">\n\t\t\t\t\t\t\t<div class=\"elementor-background-overlay\"><\/div>\n\t\t\t\t\t\t\t<div class=\"elementor-container elementor-column-gap-no\">\n\t\t\t\t\t<div class=\"elementor-column elementor-col-50 elementor-top-column elementor-element elementor-element-075a89b\" data-id=\"075a89b\" data-element_type=\"column\">\n\t\t\t<div class=\"elementor-widget-wrap elementor-element-populated\">\n\t\t\t\t\t\t<div class=\"elementor-element elementor-element-d4ddafd elementor-widget elementor-widget-heading\" data-id=\"d4ddafd\" data-element_type=\"widget\" data-widget_type=\"heading.default\">\n\t\t\t\t<div class=\"elementor-widget-container\">\n\t\t\t<h6 class=\"elementor-heading-title elementor-size-default\">MISSIOON<\/h6>\t\t<\/div>\n\t\t\t\t<\/div>\n\t\t\t\t<div class=\"elementor-element elementor-element-402e172 elementor-widget__width-initial elementor-widget elementor-widget-heading\" data-id=\"402e172\" data-element_type=\"widget\" data-widget_type=\"heading.default\">\n\t\t\t\t<div class=\"elementor-widget-container\">\n\t\t\t<h2 class=\"elementor-heading-title elementor-size-default\">Meie eesm\u00e4rk on pakkuda v\u00f5imalikult v\u00e4heste tootmisj\u00e4\u00e4kidega k\u00e4sit\u00f6\u00f6d. <\/h2>\t\t<\/div>\n\t\t\t\t<\/div>\n\t\t\t\t<div class=\"elementor-element elementor-element-345a452 elementor-widget-divider--view-line elementor-widget elementor-widget-divider\" data-id=\"345a452\" data-element_type=\"widget\" data-widget_type=\"divider.default\">\n\t\t\t\t<div class=\"elementor-widget-container\">\n\t\t\t\t\t<div class=\"elementor-divider\">\n\t\t\t<span class=\"elementor-divider-separator\">\n\t\t\t\t\t\t<\/span>\n\t\t<\/div>\n\t\t\t\t<\/div>\n\t\t\t\t<\/div>\n\t\t\t\t\t<\/div>\n\t\t<\/div>\n\t\t\t\t<div class=\"elementor-column elementor-col-50 elementor-top-column elementor-element elementor-element-1a8770a\" data-id=\"1a8770a\" data-element_type=\"column\">\n\t\t\t<div class=\"elementor-widget-wrap elementor-element-populated\">\n\t\t\t\t\t\t<div class=\"elementor-element elementor-element-6ea20ae elementor-widget__width-initial elementor-widget elementor-widget-heading\" data-id=\"6ea20ae\" data-element_type=\"widget\" data-widget_type=\"heading.default\">\n\t\t\t\t<div class=\"elementor-widget-container\">\n\t\t\t<h4 class=\"elementor-heading-title elementor-size-default\">Snoobik on v\u00e4ike eestimaine ettev\u00f5te, mis sai kaubam\u00e4rgina alguse aastal 2018. \n\nL\u00e4bivaks ideeks on olnud eritellimuste t\u00e4itmine, olgu siis selleks ebastandartses pikkuses jalutusrihm, eriline karabiin v\u00f5i m\u00f5ni muu tore teoks tegemist ootav fantaasia loomatarvete n\u00e4ol. <br><br>Elutempo aga aina kiireneb ja vahel on vaja \"n\u00fc\u00fcd ja kohe\", seega sai loodud see e-pood, kust on v\u00f5imalik osta m\u00f5ningaid valmistooteid, kuid erisoovid on j\u00e4tkuvalt alati oodatud ja p\u00f6\u00f6rduda saab nendega e-maili, Facebooki (suurim valik tooten\u00e4idiseid) v\u00f5i Instagrami kaudu. <\/h4>\t\t<\/div>\n\t\t\t\t<\/div>\n\t\t\t\t\t<\/div>\n\t\t<\/div>\n\t\t\t\t\t<\/div>\n\t\t<\/section>\n\t\t\t\t<section class=\"elementor-section elementor-top-section elementor-element elementor-element-20d7703 elementor-section-content-top elementor-section-boxed elementor-section-height-default elementor-section-height-default\" data-id=\"20d7703\" data-element_type=\"section\">\n\t\t\t\t\t\t<div class=\"elementor-container elementor-column-gap-no\">\n\t\t\t\t\t<div class=\"elementor-column elementor-col-100 elementor-top-column elementor-element elementor-element-3a3724c\" data-id=\"3a3724c\" data-element_type=\"column\">\n\t\t\t<div class=\"elementor-widget-wrap elementor-element-populated\">\n\t\t\t\t\t\t<div class=\"elementor-element elementor-element-6c7f4e9 elementor-widget elementor-widget-image\" data-id=\"6c7f4e9\" data-element_type=\"widget\" data-widget_type=\"image.default\">\n\t\t\t\t<div class=\"elementor-widget-container\">\n\t\t\t\t\t\t\t\t\t\t\t\t\t<img fetchpriority=\"high\" decoding=\"async\" width=\"692\" height=\"960\" src=\"https:\/\/snoobik.ee\/wp-content\/uploads\/2024\/01\/391682527_122098024250076769_5609496922499934649_n.jpg\" class=\"attachment-large size-large wp-image-1382\" alt=\"\" srcset=\"https:\/\/snoobik.ee\/wp-content\/uploads\/2024\/01\/391682527_122098024250076769_5609496922499934649_n.jpg 692w, https:\/\/snoobik.ee\/wp-content\/uploads\/2024\/01\/391682527_122098024250076769_5609496922499934649_n-216x300.jpg 216w, https:\/\/snoobik.ee\/wp-content\/uploads\/2024\/01\/391682527_122098024250076769_5609496922499934649_n-300x416.jpg 300w, https:\/\/snoobik.ee\/wp-content\/uploads\/2024\/01\/391682527_122098024250076769_5609496922499934649_n-600x832.jpg 600w\" sizes=\"(max-width: 692px) 100vw, 692px\" \/>\t\t\t\t\t\t\t\t\t\t\t\t\t<\/div>\n\t\t\t\t<\/div>\n\t\t\t\t\t<\/div>\n\t\t<\/div>\n\t\t\t\t\t<\/div>\n\t\t<\/section>\n\t\t\t\t<\/div>\n\t\t","protected":false},"excerpt":{"rendered":"<p>Meist MISSIOON Meie eesm\u00e4rk on pakkuda v\u00f5imalikult v\u00e4heste tootmisj\u00e4\u00e4kidega k\u00e4sit\u00f6\u00f6d. Snoobik on v\u00e4ike eestimaine ettev\u00f5te, mis sai kaubam\u00e4rgina alguse aastal 2018. L\u00e4bivaks ideeks on olnud eritellimuste t\u00e4itmine, olgu siis selleks ebastandartses pikkuses jalutusrihm, eriline karabiin v\u00f5i m\u00f5ni muu tore teoks tegemist ootav fantaasia loomatarvete n\u00e4ol. Elutempo aga aina kiireneb ja vahel on vaja &#8220;n\u00fc\u00fcd ja [&hellip;]<\/p>\n","protected":false},"author":1,"featured_media":1761,"parent":0,"menu_order":0,"comment_status":"closed","ping_status":"closed","template":"","meta":{"_acf_changed":false,"inline_featured_image":false,"site-sidebar-layout":"no-sidebar","site-content-layout":"page-builder","ast-site-content-layout":"full-width-container","site-content-style":"unboxed","site-sidebar-style":"unboxed","ast-global-header-display":"","ast-banner-title-visibility":"","ast-main-header-display":"","ast-hfb-above-header-display":"","ast-hfb-below-header-display":"","ast-hfb-mobile-header-display":"","site-post-title":"disabled","ast-breadcrumbs-content":"","ast-featured-img":"disabled","footer-sml-layout":"","theme-transparent-header-meta":"default","adv-header-id-meta":"","stick-header-meta":"","header-above-stick-meta":"","header-main-stick-meta":"","header-below-stick-meta":"","astra-migrate-meta-layouts":"set","ast-page-background-enabled":"default","ast-page-background-meta":{"desktop":{"background-color":"var(--ast-global-color-4)","background-image":"","background-repeat":"repeat","background-position":"center center","background-size":"auto","background-attachment":"scroll","background-type":"","background-media":"","overlay-type":"","overlay-color":"","overlay-opacity":"","overlay-gradient":""},"tablet":{"background-color":"","background-image":"","background-repeat":"repeat","background-position":"center center","background-size":"auto","background-attachment":"scroll","background-type":"","background-media":"","overlay-type":"","overlay-color":"","overlay-opacity":"","overlay-gradient":""},"mobile":{"background-color":"","background-image":"","background-repeat":"repeat","background-position":"center center","background-size":"auto","background-attachment":"scroll","background-type":"","background-media":"","overlay-type":"","overlay-color":"","overlay-opacity":"","overlay-gradient":""}},"ast-content-background-meta":{"desktop":{"background-color":"var(--ast-global-color-5)","background-image":"","background-repeat":"repeat","background-position":"center center","background-size":"auto","background-attachment":"scroll","background-type":"","background-media":"","overlay-type":"","overlay-color":"","overlay-opacity":"","overlay-gradient":""},"tablet":{"background-color":"var(--ast-global-color-5)","background-image":"","background-repeat":"repeat","background-position":"center center","background-size":"auto","background-attachment":"scroll","background-type":"","background-media":"","overlay-type":"","overlay-color":"","overlay-opacity":"","overlay-gradient":""},"mobile":{"background-color":"var(--ast-global-color-5)","background-image":"","background-repeat":"repeat","background-position":"center center","background-size":"auto","background-attachment":"scroll","background-type":"","background-media":"","overlay-type":"","overlay-color":"","overlay-opacity":"","overlay-gradient":""}},"footnotes":""},"class_list":["post-1759","page","type-page","status-publish","has-post-thumbnail","hentry"],"acf":[],"yoast_head":"<!-- This site is optimized with the Yoast SEO plugin v25.4 - https:\/\/yoast.com\/wordpress\/plugins\/seo\/ -->\n<title>About us - Snoobik<\/title>\n<meta name=\"description\" content=\"Snoobik on v\u00e4ike eestimaine ettev\u00f5te, mis sai kaubam\u00e4rgina alguse aastal 2018. L\u00e4bivaks ideeks on olnud eritellimuste t\u00e4itmine, olgu siis selleks ebastandartses pikkuses jalutusrihm, eriline karabiin v\u00f5i m\u00f5ni muu tore teoks tegemist ootav fantaasia loomatarvete n\u00e4ol.\" \/>\n<meta name=\"robots\" content=\"index, follow, max-snippet:-1, max-image-preview:large, max-video-preview:-1\" \/>\n<link rel=\"canonical\" href=\"https:\/\/snoobik.ee\/en\/about-us\/\" \/>\n<meta property=\"og:locale\" content=\"en_US\" \/>\n<meta property=\"og:type\" content=\"article\" \/>\n<meta property=\"og:title\" content=\"About us - Snoobik\" \/>\n<meta property=\"og:description\" content=\"Snoobik on v\u00e4ike eestimaine ettev\u00f5te, mis sai kaubam\u00e4rgina alguse aastal 2018. L\u00e4bivaks ideeks on olnud eritellimuste t\u00e4itmine, olgu siis selleks ebastandartses pikkuses jalutusrihm, eriline karabiin v\u00f5i m\u00f5ni muu tore teoks tegemist ootav fantaasia loomatarvete n\u00e4ol.\" \/>\n<meta property=\"og:url\" content=\"https:\/\/snoobik.ee\/en\/about-us\/\" \/>\n<meta property=\"og:site_name\" content=\"Snoobik\" \/>\n<meta property=\"article:publisher\" content=\"https:\/\/www.facebook.com\/snoobik\" \/>\n<meta property=\"article:modified_time\" content=\"2024-03-03T19:50:29+00:00\" \/>\n<meta property=\"og:image\" content=\"https:\/\/snoobik.ee\/wp-content\/uploads\/2024\/01\/391682527_122098024250076769_5609496922499934649_n.jpg\" \/>\n\t<meta property=\"og:image:width\" content=\"692\" \/>\n\t<meta property=\"og:image:height\" content=\"960\" \/>\n\t<meta property=\"og:image:type\" content=\"image\/jpeg\" \/>\n<meta name=\"twitter:card\" content=\"summary_large_image\" \/>\n<meta name=\"twitter:label1\" content=\"Est. reading time\" \/>\n\t<meta name=\"twitter:data1\" content=\"1 minute\" \/>\n<script type=\"application\/ld+json\" class=\"yoast-schema-graph\">{\"@context\":\"https:\/\/schema.org\",\"@graph\":[{\"@type\":\"WebPage\",\"@id\":\"https:\/\/snoobik.ee\/en\/about-us\/\",\"url\":\"https:\/\/snoobik.ee\/en\/about-us\/\",\"name\":\"About us - Snoobik\",\"isPartOf\":{\"@id\":\"https:\/\/snoobik.ee\/en\/#website\"},\"primaryImageOfPage\":{\"@id\":\"https:\/\/snoobik.ee\/en\/about-us\/#primaryimage\"},\"image\":{\"@id\":\"https:\/\/snoobik.ee\/en\/about-us\/#primaryimage\"},\"thumbnailUrl\":\"https:\/\/snoobik.ee\/wp-content\/uploads\/2024\/01\/391682527_122098024250076769_5609496922499934649_n.jpg\",\"datePublished\":\"2022-07-18T06:48:47+00:00\",\"dateModified\":\"2024-03-03T19:50:29+00:00\",\"description\":\"Snoobik on v\u00e4ike eestimaine ettev\u00f5te, mis sai kaubam\u00e4rgina alguse aastal 2018. L\u00e4bivaks ideeks on olnud eritellimuste t\u00e4itmine, olgu siis selleks ebastandartses pikkuses jalutusrihm, eriline karabiin v\u00f5i m\u00f5ni muu tore teoks tegemist ootav fantaasia loomatarvete n\u00e4ol.\",\"breadcrumb\":{\"@id\":\"https:\/\/snoobik.ee\/en\/about-us\/#breadcrumb\"},\"inLanguage\":\"en-US\",\"potentialAction\":[{\"@type\":\"ReadAction\",\"target\":[\"https:\/\/snoobik.ee\/en\/about-us\/\"]}]},{\"@type\":\"ImageObject\",\"inLanguage\":\"en-US\",\"@id\":\"https:\/\/snoobik.ee\/en\/about-us\/#primaryimage\",\"url\":\"https:\/\/snoobik.ee\/wp-content\/uploads\/2024\/01\/391682527_122098024250076769_5609496922499934649_n.jpg\",\"contentUrl\":\"https:\/\/snoobik.ee\/wp-content\/uploads\/2024\/01\/391682527_122098024250076769_5609496922499934649_n.jpg\",\"width\":692,\"height\":960},{\"@type\":\"BreadcrumbList\",\"@id\":\"https:\/\/snoobik.ee\/en\/about-us\/#breadcrumb\",\"itemListElement\":[{\"@type\":\"ListItem\",\"position\":1,\"name\":\"Home\",\"item\":\"https:\/\/snoobik.ee\/en\/\"},{\"@type\":\"ListItem\",\"position\":2,\"name\":\"About us\"}]},{\"@type\":\"WebSite\",\"@id\":\"https:\/\/snoobik.ee\/en\/#website\",\"url\":\"https:\/\/snoobik.ee\/en\/\",\"name\":\"Snoobik\",\"description\":\"Eestis valmistatud lemmikloomatarbed\",\"publisher\":{\"@id\":\"https:\/\/snoobik.ee\/en\/#organization\"},\"potentialAction\":[{\"@type\":\"SearchAction\",\"target\":{\"@type\":\"EntryPoint\",\"urlTemplate\":\"https:\/\/snoobik.ee\/en\/?s={search_term_string}\"},\"query-input\":{\"@type\":\"PropertyValueSpecification\",\"valueRequired\":true,\"valueName\":\"search_term_string\"}}],\"inLanguage\":\"en-US\"},{\"@type\":\"Organization\",\"@id\":\"https:\/\/snoobik.ee\/en\/#organization\",\"name\":\"Snoobik\",\"url\":\"https:\/\/snoobik.ee\/en\/\",\"logo\":{\"@type\":\"ImageObject\",\"inLanguage\":\"en-US\",\"@id\":\"https:\/\/snoobik.ee\/en\/#\/schema\/logo\/image\/\",\"url\":\"https:\/\/snoobik.ee\/wp-content\/uploads\/2023\/11\/snoobik.svg\",\"contentUrl\":\"https:\/\/snoobik.ee\/wp-content\/uploads\/2023\/11\/snoobik.svg\",\"width\":110,\"height\":45,\"caption\":\"Snoobik\"},\"image\":{\"@id\":\"https:\/\/snoobik.ee\/en\/#\/schema\/logo\/image\/\"},\"sameAs\":[\"https:\/\/www.facebook.com\/snoobik\",\"https:\/\/www.instagram.com\/snoobikcollar\/\"]}]}<\/script>\n<!-- \/ Yoast SEO plugin. -->","yoast_head_json":{"title":"About us - Snoobik","description":"Snoobik on v\u00e4ike eestimaine ettev\u00f5te, mis sai kaubam\u00e4rgina alguse aastal 2018. L\u00e4bivaks ideeks on olnud eritellimuste t\u00e4itmine, olgu siis selleks ebastandartses pikkuses jalutusrihm, eriline karabiin v\u00f5i m\u00f5ni muu tore teoks tegemist ootav fantaasia loomatarvete n\u00e4ol.","robots":{"index":"index","follow":"follow","max-snippet":"max-snippet:-1","max-image-preview":"max-image-preview:large","max-video-preview":"max-video-preview:-1"},"canonical":"https:\/\/snoobik.ee\/en\/about-us\/","og_locale":"en_US","og_type":"article","og_title":"About us - Snoobik","og_description":"Snoobik on v\u00e4ike eestimaine ettev\u00f5te, mis sai kaubam\u00e4rgina alguse aastal 2018. L\u00e4bivaks ideeks on olnud eritellimuste t\u00e4itmine, olgu siis selleks ebastandartses pikkuses jalutusrihm, eriline karabiin v\u00f5i m\u00f5ni muu tore teoks tegemist ootav fantaasia loomatarvete n\u00e4ol.","og_url":"https:\/\/snoobik.ee\/en\/about-us\/","og_site_name":"Snoobik","article_publisher":"https:\/\/www.facebook.com\/snoobik","article_modified_time":"2024-03-03T19:50:29+00:00","og_image":[{"width":692,"height":960,"url":"https:\/\/snoobik.ee\/wp-content\/uploads\/2024\/01\/391682527_122098024250076769_5609496922499934649_n.jpg","type":"image\/jpeg"}],"twitter_card":"summary_large_image","twitter_misc":{"Est. reading time":"1 minute"},"schema":{"@context":"https:\/\/schema.org","@graph":[{"@type":"WebPage","@id":"https:\/\/snoobik.ee\/en\/about-us\/","url":"https:\/\/snoobik.ee\/en\/about-us\/","name":"About us - Snoobik","isPartOf":{"@id":"https:\/\/snoobik.ee\/en\/#website"},"primaryImageOfPage":{"@id":"https:\/\/snoobik.ee\/en\/about-us\/#primaryimage"},"image":{"@id":"https:\/\/snoobik.ee\/en\/about-us\/#primaryimage"},"thumbnailUrl":"https:\/\/snoobik.ee\/wp-content\/uploads\/2024\/01\/391682527_122098024250076769_5609496922499934649_n.jpg","datePublished":"2022-07-18T06:48:47+00:00","dateModified":"2024-03-03T19:50:29+00:00","description":"Snoobik on v\u00e4ike eestimaine ettev\u00f5te, mis sai kaubam\u00e4rgina alguse aastal 2018. L\u00e4bivaks ideeks on olnud eritellimuste t\u00e4itmine, olgu siis selleks ebastandartses pikkuses jalutusrihm, eriline karabiin v\u00f5i m\u00f5ni muu tore teoks tegemist ootav fantaasia loomatarvete n\u00e4ol.","breadcrumb":{"@id":"https:\/\/snoobik.ee\/en\/about-us\/#breadcrumb"},"inLanguage":"en-US","potentialAction":[{"@type":"ReadAction","target":["https:\/\/snoobik.ee\/en\/about-us\/"]}]},{"@type":"ImageObject","inLanguage":"en-US","@id":"https:\/\/snoobik.ee\/en\/about-us\/#primaryimage","url":"https:\/\/snoobik.ee\/wp-content\/uploads\/2024\/01\/391682527_122098024250076769_5609496922499934649_n.jpg","contentUrl":"https:\/\/snoobik.ee\/wp-content\/uploads\/2024\/01\/391682527_122098024250076769_5609496922499934649_n.jpg","width":692,"height":960},{"@type":"BreadcrumbList","@id":"https:\/\/snoobik.ee\/en\/about-us\/#breadcrumb","itemListElement":[{"@type":"ListItem","position":1,"name":"Home","item":"https:\/\/snoobik.ee\/en\/"},{"@type":"ListItem","position":2,"name":"About us"}]},{"@type":"WebSite","@id":"https:\/\/snoobik.ee\/en\/#website","url":"https:\/\/snoobik.ee\/en\/","name":"Snoobik","description":"Eestis valmistatud lemmikloomatarbed","publisher":{"@id":"https:\/\/snoobik.ee\/en\/#organization"},"potentialAction":[{"@type":"SearchAction","target":{"@type":"EntryPoint","urlTemplate":"https:\/\/snoobik.ee\/en\/?s={search_term_string}"},"query-input":{"@type":"PropertyValueSpecification","valueRequired":true,"valueName":"search_term_string"}}],"inLanguage":"en-US"},{"@type":"Organization","@id":"https:\/\/snoobik.ee\/en\/#organization","name":"Snoobik","url":"https:\/\/snoobik.ee\/en\/","logo":{"@type":"ImageObject","inLanguage":"en-US","@id":"https:\/\/snoobik.ee\/en\/#\/schema\/logo\/image\/","url":"https:\/\/snoobik.ee\/wp-content\/uploads\/2023\/11\/snoobik.svg","contentUrl":"https:\/\/snoobik.ee\/wp-content\/uploads\/2023\/11\/snoobik.svg","width":110,"height":45,"caption":"Snoobik"},"image":{"@id":"https:\/\/snoobik.ee\/en\/#\/schema\/logo\/image\/"},"sameAs":["https:\/\/www.facebook.com\/snoobik","https:\/\/www.instagram.com\/snoobikcollar\/"]}]}},"_links":{"self":[{"href":"https:\/\/snoobik.ee\/en\/wp-json\/wp\/v2\/pages\/1759","targetHints":{"allow":["GET"]}}],"collection":[{"href":"https:\/\/snoobik.ee\/en\/wp-json\/wp\/v2\/pages"}],"about":[{"href":"https:\/\/snoobik.ee\/en\/wp-json\/wp\/v2\/types\/page"}],"author":[{"embeddable":true,"href":"https:\/\/snoobik.ee\/en\/wp-json\/wp\/v2\/users\/1"}],"replies":[{"embeddable":true,"href":"https:\/\/snoobik.ee\/en\/wp-json\/wp\/v2\/comments?post=1759"}],"version-history":[{"count":1,"href":"https:\/\/snoobik.ee\/en\/wp-json\/wp\/v2\/pages\/1759\/revisions"}],"predecessor-version":[{"id":1762,"href":"https:\/\/snoobik.ee\/en\/wp-json\/wp\/v2\/pages\/1759\/revisions\/1762"}],"wp:featuredmedia":[{"embeddable":true,"href":"https:\/\/snoobik.ee\/en\/wp-json\/wp\/v2\/media\/1761"}],"wp:attachment":[{"href":"https:\/\/snoobik.ee\/en\/wp-json\/wp\/v2\/media?parent=1759"}],"curies":[{"name":"wp","href":"https:\/\/api.w.org\/{rel}","templated":true}]}}