{"id":1757,"date":"2022-07-18T09:49:08","date_gmt":"2022-07-18T06:49:08","guid":{"rendered":"https:\/\/snoobik.ee\/kontakt\/"},"modified":"2024-03-03T21:50:08","modified_gmt":"2024-03-03T19:50:08","slug":"contact","status":"publish","type":"page","link":"https:\/\/snoobik.ee\/en\/contact\/","title":{"rendered":"Contact"},"content":{"rendered":"\t\t<div data-elementor-type=\"wp-page\" data-elementor-id=\"1757\" class=\"elementor elementor-1757 elementor-580\" data-elementor-post-type=\"page\">\n\t\t\t\t<div class=\"elementor-element elementor-element-6c0a7a2 e-flex e-con-boxed e-con e-parent\" data-id=\"6c0a7a2\" data-element_type=\"container\">\n\t\t\t\t\t<div class=\"e-con-inner\">\n\t\t<div class=\"elementor-element elementor-element-1901af0 e-con-full e-flex e-con e-child\" data-id=\"1901af0\" data-element_type=\"container\">\n\t\t\t\t<div class=\"elementor-element elementor-element-61e2862 elementor-widget elementor-widget-heading\" data-id=\"61e2862\" data-element_type=\"widget\" data-widget_type=\"heading.default\">\n\t\t\t\t<div class=\"elementor-widget-container\">\n\t\t\t<h1 class=\"elementor-heading-title elementor-size-default\">Kontakt<\/h1>\t\t<\/div>\n\t\t\t\t<\/div>\n\t\t\t\t<div class=\"elementor-element elementor-element-4c93786 elementor-widget-divider--view-line elementor-widget elementor-widget-divider\" data-id=\"4c93786\" data-element_type=\"widget\" data-widget_type=\"divider.default\">\n\t\t\t\t<div class=\"elementor-widget-container\">\n\t\t\t\t\t<div class=\"elementor-divider\">\n\t\t\t<span class=\"elementor-divider-separator\">\n\t\t\t\t\t\t<\/span>\n\t\t<\/div>\n\t\t\t\t<\/div>\n\t\t\t\t<\/div>\n\t\t\t\t<div class=\"elementor-element elementor-element-d40c79f elementor-widget elementor-widget-heading\" data-id=\"d40c79f\" data-element_type=\"widget\" data-widget_type=\"heading.default\">\n\t\t\t\t<div class=\"elementor-widget-container\">\n\t\t\t<h5 class=\"elementor-heading-title elementor-size-default\">Kui teil on vaja meiega \u00fchendust v\u00f5tta, siis palun kasutage allpool olevat kontaktvormi. Oleme alati valmis teie k\u00fcsimustele vastama.<\/h5>\t\t<\/div>\n\t\t\t\t<\/div>\n\t\t\t\t<\/div>\n\t\t\t\t\t<\/div>\n\t\t\t\t<\/div>\n\t\t<div class=\"elementor-element elementor-element-60f2d7a e-flex e-con-boxed e-con e-parent\" data-id=\"60f2d7a\" data-element_type=\"container\" data-settings=\"{&quot;background_background&quot;:&quot;gradient&quot;}\">\n\t\t\t\t\t<div class=\"e-con-inner\">\n\t\t<div class=\"elementor-element elementor-element-ff62bc8 e-con-full e-flex e-con e-child\" data-id=\"ff62bc8\" data-element_type=\"container\" data-settings=\"{&quot;background_background&quot;:&quot;classic&quot;}\">\n\t\t\t\t<\/div>\n\t\t\t\t\t<\/div>\n\t\t\t\t<\/div>\n\t\t\t\t<\/div>\n\t\t","protected":false},"excerpt":{"rendered":"<p>Kontakt Kui teil on vaja meiega \u00fchendust v\u00f5tta, siis palun kasutage allpool olevat kontaktvormi. Oleme alati valmis teie k\u00fcsimustele vastama. Teie nimi Teie e-posti aadress Kirja sisu<\/p>\n","protected":false},"author":1,"featured_media":0,"parent":0,"menu_order":0,"comment_status":"closed","ping_status":"closed","template":"elementor_theme","meta":{"_acf_changed":false,"inline_featured_image":false,"site-sidebar-layout":"no-sidebar","site-content-layout":"page-builder","ast-site-content-layout":"full-width-container","site-content-style":"unboxed","site-sidebar-style":"unboxed","ast-global-header-display":"","ast-banner-title-visibility":"","ast-main-header-display":"","ast-hfb-above-header-display":"","ast-hfb-below-header-display":"","ast-hfb-mobile-header-display":"","site-post-title":"disabled","ast-breadcrumbs-content":"","ast-featured-img":"disabled","footer-sml-layout":"","theme-transparent-header-meta":"","adv-header-id-meta":"","stick-header-meta":"","header-above-stick-meta":"","header-main-stick-meta":"","header-below-stick-meta":"","astra-migrate-meta-layouts":"set","ast-page-background-enabled":"default","ast-page-background-meta":{"desktop":{"background-color":"var(--ast-global-color-4)","background-image":"","background-repeat":"repeat","background-position":"center center","background-size":"auto","background-attachment":"scroll","background-type":"","background-media":"","overlay-type":"","overlay-color":"","overlay-opacity":"","overlay-gradient":""},"tablet":{"background-color":"","background-image":"","background-repeat":"repeat","background-position":"center center","background-size":"auto","background-attachment":"scroll","background-type":"","background-media":"","overlay-type":"","overlay-color":"","overlay-opacity":"","overlay-gradient":""},"mobile":{"background-color":"","background-image":"","background-repeat":"repeat","background-position":"center center","background-size":"auto","background-attachment":"scroll","background-type":"","background-media":"","overlay-type":"","overlay-color":"","overlay-opacity":"","overlay-gradient":""}},"ast-content-background-meta":{"desktop":{"background-color":"var(--ast-global-color-5)","background-image":"","background-repeat":"repeat","background-position":"center center","background-size":"auto","background-attachment":"scroll","background-type":"","background-media":"","overlay-type":"","overlay-color":"","overlay-opacity":"","overlay-gradient":""},"tablet":{"background-color":"var(--ast-global-color-5)","background-image":"","background-repeat":"repeat","background-position":"center center","background-size":"auto","background-attachment":"scroll","background-type":"","background-media":"","overlay-type":"","overlay-color":"","overlay-opacity":"","overlay-gradient":""},"mobile":{"background-color":"var(--ast-global-color-5)","background-image":"","background-repeat":"repeat","background-position":"center center","background-size":"auto","background-attachment":"scroll","background-type":"","background-media":"","overlay-type":"","overlay-color":"","overlay-opacity":"","overlay-gradient":""}},"footnotes":""},"class_list":["post-1757","page","type-page","status-publish","hentry"],"acf":[],"yoast_head":"<!-- This site is optimized with the Yoast SEO plugin v25.4 - https:\/\/yoast.com\/wordpress\/plugins\/seo\/ -->\n<title>Contact - Snoobik<\/title>\n<meta name=\"robots\" content=\"index, follow, max-snippet:-1, max-image-preview:large, max-video-preview:-1\" \/>\n<link rel=\"canonical\" href=\"https:\/\/snoobik.ee\/en\/contact\/\" \/>\n<meta property=\"og:locale\" content=\"en_US\" \/>\n<meta property=\"og:type\" content=\"article\" \/>\n<meta property=\"og:title\" content=\"Contact - Snoobik\" \/>\n<meta property=\"og:description\" content=\"Kontakt Kui teil on vaja meiega \u00fchendust v\u00f5tta, siis palun kasutage allpool olevat kontaktvormi. Oleme alati valmis teie k\u00fcsimustele vastama. Teie nimi Teie e-posti aadress Kirja sisu\" \/>\n<meta property=\"og:url\" content=\"https:\/\/snoobik.ee\/en\/contact\/\" \/>\n<meta property=\"og:site_name\" content=\"Snoobik\" \/>\n<meta property=\"article:publisher\" content=\"https:\/\/www.facebook.com\/snoobik\" \/>\n<meta property=\"article:modified_time\" content=\"2024-03-03T19:50:08+00:00\" \/>\n<meta name=\"twitter:card\" content=\"summary_large_image\" \/>\n<meta name=\"twitter:label1\" content=\"Est. reading time\" \/>\n\t<meta name=\"twitter:data1\" content=\"1 minute\" \/>\n<script type=\"application\/ld+json\" class=\"yoast-schema-graph\">{\"@context\":\"https:\/\/schema.org\",\"@graph\":[{\"@type\":\"WebPage\",\"@id\":\"https:\/\/snoobik.ee\/en\/contact\/\",\"url\":\"https:\/\/snoobik.ee\/en\/contact\/\",\"name\":\"Contact - Snoobik\",\"isPartOf\":{\"@id\":\"https:\/\/snoobik.ee\/en\/#website\"},\"datePublished\":\"2022-07-18T06:49:08+00:00\",\"dateModified\":\"2024-03-03T19:50:08+00:00\",\"breadcrumb\":{\"@id\":\"https:\/\/snoobik.ee\/en\/contact\/#breadcrumb\"},\"inLanguage\":\"en-US\",\"potentialAction\":[{\"@type\":\"ReadAction\",\"target\":[\"https:\/\/snoobik.ee\/en\/contact\/\"]}]},{\"@type\":\"BreadcrumbList\",\"@id\":\"https:\/\/snoobik.ee\/en\/contact\/#breadcrumb\",\"itemListElement\":[{\"@type\":\"ListItem\",\"position\":1,\"name\":\"Home\",\"item\":\"https:\/\/snoobik.ee\/en\/\"},{\"@type\":\"ListItem\",\"position\":2,\"name\":\"Contact\"}]},{\"@type\":\"WebSite\",\"@id\":\"https:\/\/snoobik.ee\/en\/#website\",\"url\":\"https:\/\/snoobik.ee\/en\/\",\"name\":\"Snoobik\",\"description\":\"Eestis valmistatud lemmikloomatarbed\",\"publisher\":{\"@id\":\"https:\/\/snoobik.ee\/en\/#organization\"},\"potentialAction\":[{\"@type\":\"SearchAction\",\"target\":{\"@type\":\"EntryPoint\",\"urlTemplate\":\"https:\/\/snoobik.ee\/en\/?s={search_term_string}\"},\"query-input\":{\"@type\":\"PropertyValueSpecification\",\"valueRequired\":true,\"valueName\":\"search_term_string\"}}],\"inLanguage\":\"en-US\"},{\"@type\":\"Organization\",\"@id\":\"https:\/\/snoobik.ee\/en\/#organization\",\"name\":\"Snoobik\",\"url\":\"https:\/\/snoobik.ee\/en\/\",\"logo\":{\"@type\":\"ImageObject\",\"inLanguage\":\"en-US\",\"@id\":\"https:\/\/snoobik.ee\/en\/#\/schema\/logo\/image\/\",\"url\":\"https:\/\/snoobik.ee\/wp-content\/uploads\/2023\/11\/snoobik.svg\",\"contentUrl\":\"https:\/\/snoobik.ee\/wp-content\/uploads\/2023\/11\/snoobik.svg\",\"width\":110,\"height\":45,\"caption\":\"Snoobik\"},\"image\":{\"@id\":\"https:\/\/snoobik.ee\/en\/#\/schema\/logo\/image\/\"},\"sameAs\":[\"https:\/\/www.facebook.com\/snoobik\",\"https:\/\/www.instagram.com\/snoobikcollar\/\"]}]}<\/script>\n<!-- \/ Yoast SEO plugin. -->","yoast_head_json":{"title":"Contact - Snoobik","robots":{"index":"index","follow":"follow","max-snippet":"max-snippet:-1","max-image-preview":"max-image-preview:large","max-video-preview":"max-video-preview:-1"},"canonical":"https:\/\/snoobik.ee\/en\/contact\/","og_locale":"en_US","og_type":"article","og_title":"Contact - Snoobik","og_description":"Kontakt Kui teil on vaja meiega \u00fchendust v\u00f5tta, siis palun kasutage allpool olevat kontaktvormi. Oleme alati valmis teie k\u00fcsimustele vastama. Teie nimi Teie e-posti aadress Kirja sisu","og_url":"https:\/\/snoobik.ee\/en\/contact\/","og_site_name":"Snoobik","article_publisher":"https:\/\/www.facebook.com\/snoobik","article_modified_time":"2024-03-03T19:50:08+00:00","twitter_card":"summary_large_image","twitter_misc":{"Est. reading time":"1 minute"},"schema":{"@context":"https:\/\/schema.org","@graph":[{"@type":"WebPage","@id":"https:\/\/snoobik.ee\/en\/contact\/","url":"https:\/\/snoobik.ee\/en\/contact\/","name":"Contact - Snoobik","isPartOf":{"@id":"https:\/\/snoobik.ee\/en\/#website"},"datePublished":"2022-07-18T06:49:08+00:00","dateModified":"2024-03-03T19:50:08+00:00","breadcrumb":{"@id":"https:\/\/snoobik.ee\/en\/contact\/#breadcrumb"},"inLanguage":"en-US","potentialAction":[{"@type":"ReadAction","target":["https:\/\/snoobik.ee\/en\/contact\/"]}]},{"@type":"BreadcrumbList","@id":"https:\/\/snoobik.ee\/en\/contact\/#breadcrumb","itemListElement":[{"@type":"ListItem","position":1,"name":"Home","item":"https:\/\/snoobik.ee\/en\/"},{"@type":"ListItem","position":2,"name":"Contact"}]},{"@type":"WebSite","@id":"https:\/\/snoobik.ee\/en\/#website","url":"https:\/\/snoobik.ee\/en\/","name":"Snoobik","description":"Eestis valmistatud lemmikloomatarbed","publisher":{"@id":"https:\/\/snoobik.ee\/en\/#organization"},"potentialAction":[{"@type":"SearchAction","target":{"@type":"EntryPoint","urlTemplate":"https:\/\/snoobik.ee\/en\/?s={search_term_string}"},"query-input":{"@type":"PropertyValueSpecification","valueRequired":true,"valueName":"search_term_string"}}],"inLanguage":"en-US"},{"@type":"Organization","@id":"https:\/\/snoobik.ee\/en\/#organization","name":"Snoobik","url":"https:\/\/snoobik.ee\/en\/","logo":{"@type":"ImageObject","inLanguage":"en-US","@id":"https:\/\/snoobik.ee\/en\/#\/schema\/logo\/image\/","url":"https:\/\/snoobik.ee\/wp-content\/uploads\/2023\/11\/snoobik.svg","contentUrl":"https:\/\/snoobik.ee\/wp-content\/uploads\/2023\/11\/snoobik.svg","width":110,"height":45,"caption":"Snoobik"},"image":{"@id":"https:\/\/snoobik.ee\/en\/#\/schema\/logo\/image\/"},"sameAs":["https:\/\/www.facebook.com\/snoobik","https:\/\/www.instagram.com\/snoobikcollar\/"]}]}},"_links":{"self":[{"href":"https:\/\/snoobik.ee\/en\/wp-json\/wp\/v2\/pages\/1757","targetHints":{"allow":["GET"]}}],"collection":[{"href":"https:\/\/snoobik.ee\/en\/wp-json\/wp\/v2\/pages"}],"about":[{"href":"https:\/\/snoobik.ee\/en\/wp-json\/wp\/v2\/types\/page"}],"author":[{"embeddable":true,"href":"https:\/\/snoobik.ee\/en\/wp-json\/wp\/v2\/users\/1"}],"replies":[{"embeddable":true,"href":"https:\/\/snoobik.ee\/en\/wp-json\/wp\/v2\/comments?post=1757"}],"version-history":[{"count":1,"href":"https:\/\/snoobik.ee\/en\/wp-json\/wp\/v2\/pages\/1757\/revisions"}],"predecessor-version":[{"id":1758,"href":"https:\/\/snoobik.ee\/en\/wp-json\/wp\/v2\/pages\/1757\/revisions\/1758"}],"wp:attachment":[{"href":"https:\/\/snoobik.ee\/en\/wp-json\/wp\/v2\/media?parent=1757"}],"curies":[{"name":"wp","href":"https:\/\/api.w.org\/{rel}","templated":true}]}}